{"id":1226,"date":"2021-10-07T23:43:46","date_gmt":"2021-10-07T21:43:46","guid":{"rendered":"https:\/\/besafesuite.com\/besafepay\/eshop-solution-for-hotels\/"},"modified":"2021-12-29T11:46:07","modified_gmt":"2021-12-29T10:46:07","slug":"eshop","status":"publish","type":"page","link":"https:\/\/besafesuite.com\/besafepay\/es\/eshop\/","title":{"rendered":"E-shop"},"content":{"rendered":"","protected":false},"excerpt":{"rendered":"","protected":false},"author":2,"featured_media":0,"parent":0,"menu_order":2,"comment_status":"closed","ping_status":"closed","template":"","meta":[],"yoast_head":"<!-- This site is optimized with the Yoast SEO Premium plugin v18.1 (Yoast SEO v18.3) - https:\/\/yoast.com\/wordpress\/plugins\/seo\/ -->\n<title>E-shop - BeSafe Pay<\/title>\n<meta name=\"robots\" content=\"index, follow, max-snippet:-1, max-image-preview:large, max-video-preview:-1\" \/>\n<link rel=\"canonical\" href=\"https:\/\/besafesuite.com\/besafepay\/eshop\/\" \/>\n<meta property=\"og:locale\" content=\"es_ES\" \/>\n<meta property=\"og:type\" content=\"article\" \/>\n<meta property=\"og:title\" content=\"E-shop\" \/>\n<meta property=\"og:url\" content=\"https:\/\/besafesuite.com\/besafepay\/eshop\/\" \/>\n<meta property=\"og:site_name\" content=\"BeSafe Pay\" \/>\n<meta property=\"article:modified_time\" content=\"2021-12-29T10:46:07+00:00\" \/>\n<meta name=\"twitter:card\" content=\"summary_large_image\" \/>\n<script type=\"application\/ld+json\" class=\"yoast-schema-graph\">{\"@context\":\"https:\/\/schema.org\",\"@graph\":[{\"@type\":\"WebSite\",\"@id\":\"https:\/\/besafesuite.com\/besafepay\/en\/#website\",\"url\":\"https:\/\/besafesuite.com\/besafepay\/en\/\",\"name\":\"BeSafe Pay\",\"description\":\"\",\"potentialAction\":[{\"@type\":\"SearchAction\",\"target\":{\"@type\":\"EntryPoint\",\"urlTemplate\":\"https:\/\/besafesuite.com\/besafepay\/en\/?s={search_term_string}\"},\"query-input\":\"required name=search_term_string\"}],\"inLanguage\":\"es\"},{\"@type\":\"WebPage\",\"@id\":\"https:\/\/besafesuite.com\/besafepay\/eshop\/#webpage\",\"url\":\"https:\/\/besafesuite.com\/besafepay\/eshop\/\",\"name\":\"E-shop - BeSafe Pay\",\"isPartOf\":{\"@id\":\"https:\/\/besafesuite.com\/besafepay\/en\/#website\"},\"datePublished\":\"2021-10-07T21:43:46+00:00\",\"dateModified\":\"2021-12-29T10:46:07+00:00\",\"breadcrumb\":{\"@id\":\"https:\/\/besafesuite.com\/besafepay\/eshop\/#breadcrumb\"},\"inLanguage\":\"es\",\"potentialAction\":[{\"@type\":\"ReadAction\",\"target\":[\"https:\/\/besafesuite.com\/besafepay\/eshop\/\"]}]},{\"@type\":\"BreadcrumbList\",\"@id\":\"https:\/\/besafesuite.com\/besafepay\/eshop\/#breadcrumb\",\"itemListElement\":[{\"@type\":\"ListItem\",\"position\":1,\"name\":\"Home\",\"item\":\"https:\/\/besafesuite.com\/besafepay\/es\/\"},{\"@type\":\"ListItem\",\"position\":2,\"name\":\"E-shop\"}]}]}<\/script>\n<!-- \/ Yoast SEO Premium plugin. -->","yoast_head_json":{"title":"E-shop - BeSafe Pay","robots":{"index":"index","follow":"follow","max-snippet":"max-snippet:-1","max-image-preview":"max-image-preview:large","max-video-preview":"max-video-preview:-1"},"canonical":"https:\/\/besafesuite.com\/besafepay\/eshop\/","og_locale":"es_ES","og_type":"article","og_title":"E-shop","og_url":"https:\/\/besafesuite.com\/besafepay\/eshop\/","og_site_name":"BeSafe Pay","article_modified_time":"2021-12-29T10:46:07+00:00","twitter_card":"summary_large_image","schema":{"@context":"https:\/\/schema.org","@graph":[{"@type":"WebSite","@id":"https:\/\/besafesuite.com\/besafepay\/en\/#website","url":"https:\/\/besafesuite.com\/besafepay\/en\/","name":"BeSafe Pay","description":"","potentialAction":[{"@type":"SearchAction","target":{"@type":"EntryPoint","urlTemplate":"https:\/\/besafesuite.com\/besafepay\/en\/?s={search_term_string}"},"query-input":"required name=search_term_string"}],"inLanguage":"es"},{"@type":"WebPage","@id":"https:\/\/besafesuite.com\/besafepay\/eshop\/#webpage","url":"https:\/\/besafesuite.com\/besafepay\/eshop\/","name":"E-shop - BeSafe Pay","isPartOf":{"@id":"https:\/\/besafesuite.com\/besafepay\/en\/#website"},"datePublished":"2021-10-07T21:43:46+00:00","dateModified":"2021-12-29T10:46:07+00:00","breadcrumb":{"@id":"https:\/\/besafesuite.com\/besafepay\/eshop\/#breadcrumb"},"inLanguage":"es","potentialAction":[{"@type":"ReadAction","target":["https:\/\/besafesuite.com\/besafepay\/eshop\/"]}]},{"@type":"BreadcrumbList","@id":"https:\/\/besafesuite.com\/besafepay\/eshop\/#breadcrumb","itemListElement":[{"@type":"ListItem","position":1,"name":"Home","item":"https:\/\/besafesuite.com\/besafepay\/es\/"},{"@type":"ListItem","position":2,"name":"E-shop"}]}]}},"acf":{"page_builder":[{"acf_fc_layout":"block_generic_text","section":{"s_visibility":false,"s_id":"","s_pdg_top":"4x","s_pdg_bottom":"4x","s_bg_color":"no","s_decoration":""},"generic_text":{"subtitle":"","title":"\u00a1Tu tienda online personalizada con 1 clic!<br \/>\r\n","text":"<p><span style=\"font-weight: 400;\">Una soluci\u00f3n f\u00e1cil, intuitiva y lista para vender productos y servicios de tu alojamiento tur\u00edstico.<\/span><\/p>\n<p>&nbsp;<\/p>\n<p><span style=\"font-weight: 400;\">Gracias al sistema de la tienda virtual ofrecido por BeSafe Pay, podr\u00e1s tener una tienda online que est\u00e1 conectada directamente a tu p\u00e1gina web.<\/span><\/p>\n<p><span style=\"font-weight: 400;\">M\u00e1s funciones para incrementar la gesti\u00f3n de ingresos de tu alojamiento, en las mismas condiciones econ\u00f3micas. <\/span><\/p>\n"}},{"acf_fc_layout":"block_photo_content","section":{"s_visibility":false,"s_id":"","s_pdg_top":"4x","s_pdg_bottom":"4x","s_bg_color":"primary","s_decoration":""},"photo_content":{"reverse":false,"image":{"ID":1198,"id":1198,"title":"E-Shop-ridotta","filename":"E-Shop-ridotta.jpg","filesize":80264,"url":"https:\/\/besafesuite.com\/besafepay\/wp-content\/uploads\/sites\/3\/2021\/10\/E-Shop-ridotta.jpg","link":"https:\/\/besafesuite.com\/besafepay\/es\/home\/e-shop-ridotta\/","alt":"","author":"2","description":"","caption":"","name":"e-shop-ridotta","status":"inherit","uploaded_to":1119,"date":"2021-10-07 20:19:37","modified":"2021-10-07 20:19:37","menu_order":0,"mime_type":"image\/jpeg","type":"image","subtype":"jpeg","icon":"https:\/\/besafesuite.com\/besafepay\/wp-includes\/images\/media\/default.png","width":800,"height":600,"sizes":{"thumbnail":"https:\/\/besafesuite.com\/besafepay\/wp-content\/uploads\/sites\/3\/2021\/10\/E-Shop-ridotta-150x150.jpg","thumbnail-width":150,"thumbnail-height":150,"medium":"https:\/\/besafesuite.com\/besafepay\/wp-content\/uploads\/sites\/3\/2021\/10\/E-Shop-ridotta-300x225.jpg","medium-width":300,"medium-height":225,"medium_large":"https:\/\/besafesuite.com\/besafepay\/wp-content\/uploads\/sites\/3\/2021\/10\/E-Shop-ridotta-768x576.jpg","medium_large-width":768,"medium_large-height":576,"large":"https:\/\/besafesuite.com\/besafepay\/wp-content\/uploads\/sites\/3\/2021\/10\/E-Shop-ridotta.jpg","large-width":800,"large-height":600,"1536x1536":"https:\/\/besafesuite.com\/besafepay\/wp-content\/uploads\/sites\/3\/2021\/10\/E-Shop-ridotta.jpg","1536x1536-width":800,"1536x1536-height":600,"2048x2048":"https:\/\/besafesuite.com\/besafepay\/wp-content\/uploads\/sites\/3\/2021\/10\/E-Shop-ridotta.jpg","2048x2048-width":800,"2048x2048-height":600}},"subtitle":"","title":"Nunca ha sido tan f\u00e1cil vender online<br \/>\r\n","text":"<p><span style=\"font-weight: 400;\">Ponemos a tu disposici\u00f3n una herramienta moderna, avanzada y autom\u00e1ticamente integrada con varios canales de pago para gestionar las ventas de tus productos y servicios.<\/span><\/p>\n<p><b>Integraci\u00f3n instant\u00e1nea: <\/b><span style=\"font-weight: 400;\">s\u00f3lo tienes que a\u00f1adir un enlace al men\u00fa de tu sitio web para conectar el sistema de tienda electr\u00f3nica que ofrece BeSafe Pay y tener pleno acceso a todas las funcionalidades que ofrece.<\/span><\/p>\n","cta":{"title":"Crea ahora tu tienda online","url":"https:\/\/rate.besafesuite.com\/signup\/","target":"_blank"},"cta_style":"fill"}},{"acf_fc_layout":"block_generic_text","section":{"s_visibility":false,"s_id":"","s_pdg_top":"4x","s_pdg_bottom":"4x","s_bg_color":"no","s_decoration":""},"generic_text":{"subtitle":"","title":"\u00a1Ning\u00fan coste de desarrollo, control completo!<br \/>\r\n","text":"<ul>\n<li><span style=\"font-weight: 400;\">Activa el sistema de tienda online con un clic;<\/span><\/li>\n<li><span style=\"font-weight: 400;\">Personaliza aspecto, t\u00e9rminos y condiciones;<\/span><\/li>\n<li><span style=\"font-weight: 400;\">Inserta tus productos.<\/span><\/li>\n<\/ul>\n<p><span style=\"font-weight: 400;\">Tendr\u00e1s un sistema de comercio electr\u00f3nico con <\/span><b>dominio personalizado<\/b><span style=\"font-weight: 400;\"> para integrar en tu p\u00e1gina web sin escribir una sola l\u00ednea de c\u00f3digo. \u00a1Todo en pocos minutos!<\/span><\/p>\n<p><span style=\"font-weight: 400;\">Podr\u00e1s gestionar, con extrema facilidad, todos los \u00f3rdenes, pagos y el inventario de tus productos directamente de tu panel de control BeSafe Pay. <\/span><\/p>\n"}}],"hero_visibility":false,"custom_css":""},"_links":{"self":[{"href":"https:\/\/besafesuite.com\/besafepay\/es\/wp-json\/wp\/v2\/pages\/1226"}],"collection":[{"href":"https:\/\/besafesuite.com\/besafepay\/es\/wp-json\/wp\/v2\/pages"}],"about":[{"href":"https:\/\/besafesuite.com\/besafepay\/es\/wp-json\/wp\/v2\/types\/page"}],"author":[{"embeddable":true,"href":"https:\/\/besafesuite.com\/besafepay\/es\/wp-json\/wp\/v2\/users\/2"}],"replies":[{"embeddable":true,"href":"https:\/\/besafesuite.com\/besafepay\/es\/wp-json\/wp\/v2\/comments?post=1226"}],"version-history":[{"count":2,"href":"https:\/\/besafesuite.com\/besafepay\/es\/wp-json\/wp\/v2\/pages\/1226\/revisions"}],"predecessor-version":[{"id":1229,"href":"https:\/\/besafesuite.com\/besafepay\/es\/wp-json\/wp\/v2\/pages\/1226\/revisions\/1229"}],"wp:attachment":[{"href":"https:\/\/besafesuite.com\/besafepay\/es\/wp-json\/wp\/v2\/media?parent=1226"}],"curies":[{"name":"wp","href":"https:\/\/api.w.org\/{rel}","templated":true}]}}