{"id":1683,"date":"2021-09-06T14:28:57","date_gmt":"2021-09-06T12:28:57","guid":{"rendered":"https:\/\/besafesuite.com\/besafepay\/aiuto\/"},"modified":"2022-08-12T14:33:57","modified_gmt":"2022-08-12T12:33:57","slug":"aide","status":"publish","type":"page","link":"https:\/\/besafesuite.com\/besafepay\/fr\/aide\/","title":{"rendered":"FAQ BeSafe Pay"},"content":{"rendered":"","protected":false},"excerpt":{"rendered":"","protected":false},"author":2,"featured_media":0,"parent":0,"menu_order":15,"comment_status":"closed","ping_status":"closed","template":"template-faqs.php","meta":[],"yoast_head":"<!-- This site is optimized with the Yoast SEO Premium plugin v18.1 (Yoast SEO v18.3) - https:\/\/yoast.com\/wordpress\/plugins\/seo\/ -->\n<title>Questions fr\u00e9quemment pos\u00e9es (FAQ) sur le service BeSafe Pay<\/title>\n<meta name=\"description\" content=\"Toutes les FAQ sur la fonctionnalit\u00e9 du service, les paiements, les pr\u00e9-autorisations, le support B2B et le support B2C de BeSafe Pay. En savoir plus !\" \/>\n<meta name=\"robots\" content=\"index, follow, max-snippet:-1, max-image-preview:large, max-video-preview:-1\" \/>\n<link rel=\"canonical\" href=\"https:\/\/besafesuite.com\/besafepay\/fr\/aide\/\" \/>\n<meta property=\"og:locale\" content=\"fr_FR\" \/>\n<meta property=\"og:type\" content=\"article\" \/>\n<meta property=\"og:title\" content=\"FAQ BeSafe Pay\" \/>\n<meta property=\"og:description\" content=\"Toutes les FAQ sur la fonctionnalit\u00e9 du service, les paiements, les pr\u00e9-autorisations, le support B2B et le support B2C de BeSafe Pay. En savoir plus !\" \/>\n<meta property=\"og:url\" content=\"https:\/\/besafesuite.com\/besafepay\/fr\/aide\/\" \/>\n<meta property=\"og:site_name\" content=\"BeSafe Pay\" \/>\n<meta property=\"article:modified_time\" content=\"2022-08-12T12:33:57+00:00\" \/>\n<meta name=\"twitter:card\" content=\"summary_large_image\" \/>\n<script type=\"application\/ld+json\" class=\"yoast-schema-graph\">{\"@context\":\"https:\/\/schema.org\",\"@graph\":[{\"@type\":\"WebSite\",\"@id\":\"https:\/\/besafesuite.com\/besafepay\/en\/#website\",\"url\":\"https:\/\/besafesuite.com\/besafepay\/en\/\",\"name\":\"BeSafe Pay\",\"description\":\"\",\"potentialAction\":[{\"@type\":\"SearchAction\",\"target\":{\"@type\":\"EntryPoint\",\"urlTemplate\":\"https:\/\/besafesuite.com\/besafepay\/en\/?s={search_term_string}\"},\"query-input\":\"required name=search_term_string\"}],\"inLanguage\":\"fr-FR\"},{\"@type\":\"WebPage\",\"@id\":\"https:\/\/besafesuite.com\/besafepay\/fr\/aide\/#webpage\",\"url\":\"https:\/\/besafesuite.com\/besafepay\/fr\/aide\/\",\"name\":\"Questions fr\u00e9quemment pos\u00e9es (FAQ) sur le service BeSafe Pay\",\"isPartOf\":{\"@id\":\"https:\/\/besafesuite.com\/besafepay\/en\/#website\"},\"datePublished\":\"2021-09-06T12:28:57+00:00\",\"dateModified\":\"2022-08-12T12:33:57+00:00\",\"description\":\"Toutes les FAQ sur la fonctionnalit\u00e9 du service, les paiements, les pr\u00e9-autorisations, le support B2B et le support B2C de BeSafe Pay. En savoir plus !\",\"breadcrumb\":{\"@id\":\"https:\/\/besafesuite.com\/besafepay\/fr\/aide\/#breadcrumb\"},\"inLanguage\":\"fr-FR\",\"potentialAction\":[{\"@type\":\"ReadAction\",\"target\":[\"https:\/\/besafesuite.com\/besafepay\/fr\/aide\/\"]}]},{\"@type\":\"BreadcrumbList\",\"@id\":\"https:\/\/besafesuite.com\/besafepay\/fr\/aide\/#breadcrumb\",\"itemListElement\":[{\"@type\":\"ListItem\",\"position\":1,\"name\":\"Home\",\"item\":\"https:\/\/besafesuite.com\/besafepay\/fr\/\"},{\"@type\":\"ListItem\",\"position\":2,\"name\":\"FAQ BeSafe Pay\"}]}]}<\/script>\n<!-- \/ Yoast SEO Premium plugin. -->","yoast_head_json":{"title":"Questions fr\u00e9quemment pos\u00e9es (FAQ) sur le service BeSafe Pay","description":"Toutes les FAQ sur la fonctionnalit\u00e9 du service, les paiements, les pr\u00e9-autorisations, le support B2B et le support B2C de BeSafe Pay. En savoir plus !","robots":{"index":"index","follow":"follow","max-snippet":"max-snippet:-1","max-image-preview":"max-image-preview:large","max-video-preview":"max-video-preview:-1"},"canonical":"https:\/\/besafesuite.com\/besafepay\/fr\/aide\/","og_locale":"fr_FR","og_type":"article","og_title":"FAQ BeSafe Pay","og_description":"Toutes les FAQ sur la fonctionnalit\u00e9 du service, les paiements, les pr\u00e9-autorisations, le support B2B et le support B2C de BeSafe Pay. En savoir plus !","og_url":"https:\/\/besafesuite.com\/besafepay\/fr\/aide\/","og_site_name":"BeSafe Pay","article_modified_time":"2022-08-12T12:33:57+00:00","twitter_card":"summary_large_image","schema":{"@context":"https:\/\/schema.org","@graph":[{"@type":"WebSite","@id":"https:\/\/besafesuite.com\/besafepay\/en\/#website","url":"https:\/\/besafesuite.com\/besafepay\/en\/","name":"BeSafe Pay","description":"","potentialAction":[{"@type":"SearchAction","target":{"@type":"EntryPoint","urlTemplate":"https:\/\/besafesuite.com\/besafepay\/en\/?s={search_term_string}"},"query-input":"required name=search_term_string"}],"inLanguage":"fr-FR"},{"@type":"WebPage","@id":"https:\/\/besafesuite.com\/besafepay\/fr\/aide\/#webpage","url":"https:\/\/besafesuite.com\/besafepay\/fr\/aide\/","name":"Questions fr\u00e9quemment pos\u00e9es (FAQ) sur le service BeSafe Pay","isPartOf":{"@id":"https:\/\/besafesuite.com\/besafepay\/en\/#website"},"datePublished":"2021-09-06T12:28:57+00:00","dateModified":"2022-08-12T12:33:57+00:00","description":"Toutes les FAQ sur la fonctionnalit\u00e9 du service, les paiements, les pr\u00e9-autorisations, le support B2B et le support B2C de BeSafe Pay. En savoir plus !","breadcrumb":{"@id":"https:\/\/besafesuite.com\/besafepay\/fr\/aide\/#breadcrumb"},"inLanguage":"fr-FR","potentialAction":[{"@type":"ReadAction","target":["https:\/\/besafesuite.com\/besafepay\/fr\/aide\/"]}]},{"@type":"BreadcrumbList","@id":"https:\/\/besafesuite.com\/besafepay\/fr\/aide\/#breadcrumb","itemListElement":[{"@type":"ListItem","position":1,"name":"Home","item":"https:\/\/besafesuite.com\/besafepay\/fr\/"},{"@type":"ListItem","position":2,"name":"FAQ BeSafe Pay"}]}]}},"acf":{"hero_visibility":false,"faqs_archive_title":"Foire aux questions sur le service BeSafe Pay","faqs_archive_loop_title":"Choisissez la cat\u00e9gorie qui vous int\u00e9resse","faqs_archive_description":"<p><span style=\"font-weight: 400\">Gr\u00e2ce \u00e0 l\u2019exp\u00e9rience de notre <\/span><a href=\"https:\/\/besafesuite.com\/team\/\"><b>\u00e9quipe<\/b><\/a><span style=\"font-weight: 400\">, nous avons \u00e9t\u00e9 en mesure de recueillir et de s\u00e9lectionner avec soin les questions fr\u00e9quemment pos\u00e9es sur le service <\/span><a href=\"https:\/\/besafesuite.com\/besafepay\/\"><b>BeSafe Pay<\/b><\/a><span style=\"font-weight: 400\">.\u00a0<\/span><\/p>\n<p><span style=\"font-weight: 400\">Dans cette rubrique, tout h\u00f4telier ou propri\u00e9taire d\u2019h\u00e9bergement de vacances pourra clarifier tous ses doutes sur <\/span><span style=\"font-weight: 400\">l\u2019outil d\u2019automatisation de la gestion des encaissements et des paiements des h\u00e9bergements de vacances.<\/span><span style=\"font-weight: 400\">.<\/span><\/p>\n<p><span style=\"font-weight: 400\">Si votre \u00e9tablissement est d\u00e9j\u00e0 affili\u00e9 \u00e0 <\/span><a href=\"https:\/\/besafesuite.com\/\"><b>BeSafe<\/b><\/a><span style=\"font-weight: 400\"> ou est sur le point de le devenir, nous vous invitons \u00e0 consulter la FAQ ci-dessous. Choisissez la cat\u00e9gorie qui vous int\u00e9resse le plus et <\/span><b>suivez le lien associ\u00e9<\/b><span style=\"font-weight: 400\"> pour consulter toutes les questions relatives \u00e0 la cat\u00e9gorie s\u00e9lectionn\u00e9e.<\/span><\/p>\n","custom_css":""},"_links":{"self":[{"href":"https:\/\/besafesuite.com\/besafepay\/fr\/wp-json\/wp\/v2\/pages\/1683"}],"collection":[{"href":"https:\/\/besafesuite.com\/besafepay\/fr\/wp-json\/wp\/v2\/pages"}],"about":[{"href":"https:\/\/besafesuite.com\/besafepay\/fr\/wp-json\/wp\/v2\/types\/page"}],"author":[{"embeddable":true,"href":"https:\/\/besafesuite.com\/besafepay\/fr\/wp-json\/wp\/v2\/users\/2"}],"replies":[{"embeddable":true,"href":"https:\/\/besafesuite.com\/besafepay\/fr\/wp-json\/wp\/v2\/comments?post=1683"}],"version-history":[{"count":2,"href":"https:\/\/besafesuite.com\/besafepay\/fr\/wp-json\/wp\/v2\/pages\/1683\/revisions"}],"predecessor-version":[{"id":1699,"href":"https:\/\/besafesuite.com\/besafepay\/fr\/wp-json\/wp\/v2\/pages\/1683\/revisions\/1699"}],"wp:attachment":[{"href":"https:\/\/besafesuite.com\/besafepay\/fr\/wp-json\/wp\/v2\/media?parent=1683"}],"curies":[{"name":"wp","href":"https:\/\/api.w.org\/{rel}","templated":true}]}}