{"id":1694,"date":"2021-09-07T15:35:02","date_gmt":"2021-09-07T13:35:02","guid":{"rendered":"https:\/\/besafesuite.com\/besafepay\/form-informazioni\/"},"modified":"2022-08-12T14:32:45","modified_gmt":"2022-08-12T12:32:45","slug":"form-information-demo","status":"publish","type":"page","link":"https:\/\/besafesuite.com\/besafepay\/fr\/form-information-demo\/","title":{"rendered":"Demandez une d\u00e9mo gratuite"},"content":{"rendered":"","protected":false},"excerpt":{"rendered":"","protected":false},"author":2,"featured_media":0,"parent":0,"menu_order":8,"comment_status":"closed","ping_status":"closed","template":"template-form-info.php","meta":[],"yoast_head":"<!-- This site is optimized with the Yoast SEO Premium plugin v18.1 (Yoast SEO v18.3) - https:\/\/yoast.com\/wordpress\/plugins\/seo\/ -->\n<title>Demandez une d\u00e9monstration gratuite : Remplir le formulaire - BeSafe Pay<\/title>\n<meta name=\"description\" content=\"Remplissez le formulaire d&#039;information et d\u00e9couvrez comment BeSafe Pay peut vous aider \u00e0 automatiser les recettes et les paiements de votre h\u00f4tel.\" \/>\n<meta name=\"robots\" content=\"index, follow, max-snippet:-1, max-image-preview:large, max-video-preview:-1\" \/>\n<link rel=\"canonical\" href=\"https:\/\/besafesuite.com\/besafepay\/fr\/form-information-demo\/\" \/>\n<meta property=\"og:locale\" content=\"fr_FR\" \/>\n<meta property=\"og:type\" content=\"article\" \/>\n<meta property=\"og:title\" content=\"Demandez une d\u00e9mo gratuite\" \/>\n<meta property=\"og:description\" content=\"Remplissez le formulaire d&#039;information et d\u00e9couvrez comment BeSafe Pay peut vous aider \u00e0 automatiser les recettes et les paiements de votre h\u00f4tel.\" \/>\n<meta property=\"og:url\" content=\"https:\/\/besafesuite.com\/besafepay\/fr\/form-information-demo\/\" \/>\n<meta property=\"og:site_name\" content=\"BeSafe Pay\" \/>\n<meta property=\"article:modified_time\" content=\"2022-08-12T12:32:45+00:00\" \/>\n<meta name=\"twitter:card\" content=\"summary_large_image\" \/>\n<script type=\"application\/ld+json\" class=\"yoast-schema-graph\">{\"@context\":\"https:\/\/schema.org\",\"@graph\":[{\"@type\":\"WebSite\",\"@id\":\"https:\/\/besafesuite.com\/besafepay\/en\/#website\",\"url\":\"https:\/\/besafesuite.com\/besafepay\/en\/\",\"name\":\"BeSafe Pay\",\"description\":\"\",\"potentialAction\":[{\"@type\":\"SearchAction\",\"target\":{\"@type\":\"EntryPoint\",\"urlTemplate\":\"https:\/\/besafesuite.com\/besafepay\/en\/?s={search_term_string}\"},\"query-input\":\"required name=search_term_string\"}],\"inLanguage\":\"fr-FR\"},{\"@type\":\"WebPage\",\"@id\":\"https:\/\/besafesuite.com\/besafepay\/fr\/form-information-demo\/#webpage\",\"url\":\"https:\/\/besafesuite.com\/besafepay\/fr\/form-information-demo\/\",\"name\":\"Demandez une d\u00e9monstration gratuite : Remplir le formulaire - BeSafe Pay\",\"isPartOf\":{\"@id\":\"https:\/\/besafesuite.com\/besafepay\/en\/#website\"},\"datePublished\":\"2021-09-07T13:35:02+00:00\",\"dateModified\":\"2022-08-12T12:32:45+00:00\",\"description\":\"Remplissez le formulaire d'information et d\u00e9couvrez comment BeSafe Pay peut vous aider \u00e0 automatiser les recettes et les paiements de votre h\u00f4tel.\",\"breadcrumb\":{\"@id\":\"https:\/\/besafesuite.com\/besafepay\/fr\/form-information-demo\/#breadcrumb\"},\"inLanguage\":\"fr-FR\",\"potentialAction\":[{\"@type\":\"ReadAction\",\"target\":[\"https:\/\/besafesuite.com\/besafepay\/fr\/form-information-demo\/\"]}]},{\"@type\":\"BreadcrumbList\",\"@id\":\"https:\/\/besafesuite.com\/besafepay\/fr\/form-information-demo\/#breadcrumb\",\"itemListElement\":[{\"@type\":\"ListItem\",\"position\":1,\"name\":\"Home\",\"item\":\"https:\/\/besafesuite.com\/besafepay\/fr\/\"},{\"@type\":\"ListItem\",\"position\":2,\"name\":\"Demandez une d\u00e9mo gratuite\"}]}]}<\/script>\n<!-- \/ Yoast SEO Premium plugin. -->","yoast_head_json":{"title":"Demandez une d\u00e9monstration gratuite : Remplir le formulaire - BeSafe Pay","description":"Remplissez le formulaire d'information et d\u00e9couvrez comment BeSafe Pay peut vous aider \u00e0 automatiser les recettes et les paiements de votre h\u00f4tel.","robots":{"index":"index","follow":"follow","max-snippet":"max-snippet:-1","max-image-preview":"max-image-preview:large","max-video-preview":"max-video-preview:-1"},"canonical":"https:\/\/besafesuite.com\/besafepay\/fr\/form-information-demo\/","og_locale":"fr_FR","og_type":"article","og_title":"Demandez une d\u00e9mo gratuite","og_description":"Remplissez le formulaire d'information et d\u00e9couvrez comment BeSafe Pay peut vous aider \u00e0 automatiser les recettes et les paiements de votre h\u00f4tel.","og_url":"https:\/\/besafesuite.com\/besafepay\/fr\/form-information-demo\/","og_site_name":"BeSafe Pay","article_modified_time":"2022-08-12T12:32:45+00:00","twitter_card":"summary_large_image","schema":{"@context":"https:\/\/schema.org","@graph":[{"@type":"WebSite","@id":"https:\/\/besafesuite.com\/besafepay\/en\/#website","url":"https:\/\/besafesuite.com\/besafepay\/en\/","name":"BeSafe Pay","description":"","potentialAction":[{"@type":"SearchAction","target":{"@type":"EntryPoint","urlTemplate":"https:\/\/besafesuite.com\/besafepay\/en\/?s={search_term_string}"},"query-input":"required name=search_term_string"}],"inLanguage":"fr-FR"},{"@type":"WebPage","@id":"https:\/\/besafesuite.com\/besafepay\/fr\/form-information-demo\/#webpage","url":"https:\/\/besafesuite.com\/besafepay\/fr\/form-information-demo\/","name":"Demandez une d\u00e9monstration gratuite : Remplir le formulaire - BeSafe Pay","isPartOf":{"@id":"https:\/\/besafesuite.com\/besafepay\/en\/#website"},"datePublished":"2021-09-07T13:35:02+00:00","dateModified":"2022-08-12T12:32:45+00:00","description":"Remplissez le formulaire d'information et d\u00e9couvrez comment BeSafe Pay peut vous aider \u00e0 automatiser les recettes et les paiements de votre h\u00f4tel.","breadcrumb":{"@id":"https:\/\/besafesuite.com\/besafepay\/fr\/form-information-demo\/#breadcrumb"},"inLanguage":"fr-FR","potentialAction":[{"@type":"ReadAction","target":["https:\/\/besafesuite.com\/besafepay\/fr\/form-information-demo\/"]}]},{"@type":"BreadcrumbList","@id":"https:\/\/besafesuite.com\/besafepay\/fr\/form-information-demo\/#breadcrumb","itemListElement":[{"@type":"ListItem","position":1,"name":"Home","item":"https:\/\/besafesuite.com\/besafepay\/fr\/"},{"@type":"ListItem","position":2,"name":"Demandez une d\u00e9mo gratuite"}]}]}},"acf":{"f_page_subtitle":"Contact","f_page_title":"<h1>Demander une d\u00e9mo gratuite<\/h1>","hero_visibility":false,"custom_css":""},"_links":{"self":[{"href":"https:\/\/besafesuite.com\/besafepay\/fr\/wp-json\/wp\/v2\/pages\/1694"}],"collection":[{"href":"https:\/\/besafesuite.com\/besafepay\/fr\/wp-json\/wp\/v2\/pages"}],"about":[{"href":"https:\/\/besafesuite.com\/besafepay\/fr\/wp-json\/wp\/v2\/types\/page"}],"author":[{"embeddable":true,"href":"https:\/\/besafesuite.com\/besafepay\/fr\/wp-json\/wp\/v2\/users\/2"}],"replies":[{"embeddable":true,"href":"https:\/\/besafesuite.com\/besafepay\/fr\/wp-json\/wp\/v2\/comments?post=1694"}],"version-history":[{"count":2,"href":"https:\/\/besafesuite.com\/besafepay\/fr\/wp-json\/wp\/v2\/pages\/1694\/revisions"}],"predecessor-version":[{"id":1728,"href":"https:\/\/besafesuite.com\/besafepay\/fr\/wp-json\/wp\/v2\/pages\/1694\/revisions\/1728"}],"wp:attachment":[{"href":"https:\/\/besafesuite.com\/besafepay\/fr\/wp-json\/wp\/v2\/media?parent=1694"}],"curies":[{"name":"wp","href":"https:\/\/api.w.org\/{rel}","templated":true}]}}