{"id":1709,"date":"2021-10-07T16:52:30","date_gmt":"2021-10-07T14:52:30","guid":{"rendered":"https:\/\/besafesuite.com\/besaferate\/albergatore\/cose-e-come-funziona\/"},"modified":"2021-12-28T13:03:35","modified_gmt":"2021-12-28T12:03:35","slug":"que-es-como-funciona","status":"publish","type":"page","link":"https:\/\/besafesuite.com\/besaferate\/es\/albergatore\/que-es-como-funciona\/","title":{"rendered":"Qu\u00e9 es y c\u00f3mo funciona"},"content":{"rendered":"","protected":false},"excerpt":{"rendered":"","protected":false},"author":2,"featured_media":0,"parent":1644,"menu_order":23,"comment_status":"closed","ping_status":"closed","template":"","meta":[],"yoast_head":"<!-- This site is optimized with the Yoast SEO Premium plugin v18.1 (Yoast SEO v18.3) - https:\/\/yoast.com\/wordpress\/plugins\/seo\/ -->\n<title>Qu\u00e9 es y c\u00f3mo funciona - BeSafe Rate<\/title>\n<meta name=\"robots\" content=\"index, follow, max-snippet:-1, max-image-preview:large, max-video-preview:-1\" \/>\n<link rel=\"canonical\" href=\"https:\/\/besafesuite.com\/besaferate\/es\/albergatore\/que-es-como-funciona\/\" \/>\n<meta property=\"og:locale\" content=\"es_ES\" \/>\n<meta property=\"og:type\" content=\"article\" \/>\n<meta property=\"og:title\" content=\"Qu\u00e9 es y c\u00f3mo funciona\" \/>\n<meta property=\"og:url\" content=\"https:\/\/besafesuite.com\/besaferate\/es\/albergatore\/que-es-como-funciona\/\" \/>\n<meta property=\"og:site_name\" content=\"BeSafe Rate\" \/>\n<meta property=\"article:publisher\" content=\"https:\/\/www.facebook.com\/besaferate\/\" \/>\n<meta property=\"article:modified_time\" content=\"2021-12-28T12:03:35+00:00\" \/>\n<meta property=\"og:image\" content=\"https:\/\/besafesuite.com\/besaferate\/wp-content\/uploads\/sites\/2\/2021\/09\/image_2.jpg\" \/>\n\t<meta property=\"og:image:width\" content=\"785\" \/>\n\t<meta property=\"og:image:height\" content=\"613\" \/>\n\t<meta property=\"og:image:type\" content=\"image\/jpeg\" \/>\n<meta name=\"twitter:card\" content=\"summary_large_image\" \/>\n<script type=\"application\/ld+json\" class=\"yoast-schema-graph\">{\"@context\":\"https:\/\/schema.org\",\"@graph\":[{\"@type\":\"Organization\",\"@id\":\"https:\/\/besafesuite.com\/besaferate\/#organization\",\"name\":\"BeSafe Rate\",\"url\":\"https:\/\/besafesuite.com\/besaferate\/\",\"sameAs\":[\"https:\/\/www.facebook.com\/besaferate\/\",\"https:\/\/www.instagram.com\/besaferate\/\",\"https:\/\/www.linkedin.com\/company\/besafesuitebesaferate\",\"https:\/\/www.youtube.com\/channel\/UCH7p4G7FU4ps2Jyby8HAomQ\"],\"logo\":{\"@type\":\"ImageObject\",\"@id\":\"https:\/\/besafesuite.com\/besaferate\/#logo\",\"inLanguage\":\"es\",\"url\":\"https:\/\/besafesuite.com\/besaferate\/wp-content\/uploads\/sites\/2\/2021\/09\/cropped-Rate.png\",\"contentUrl\":\"https:\/\/besafesuite.com\/besaferate\/wp-content\/uploads\/sites\/2\/2021\/09\/cropped-Rate.png\",\"width\":512,\"height\":512,\"caption\":\"BeSafe Rate\"},\"image\":{\"@id\":\"https:\/\/besafesuite.com\/besaferate\/#logo\"}},{\"@type\":\"WebSite\",\"@id\":\"https:\/\/besafesuite.com\/besaferate\/#website\",\"url\":\"https:\/\/besafesuite.com\/besaferate\/\",\"name\":\"BeSafe Rate\",\"description\":\"\",\"publisher\":{\"@id\":\"https:\/\/besafesuite.com\/besaferate\/#organization\"},\"potentialAction\":[{\"@type\":\"SearchAction\",\"target\":{\"@type\":\"EntryPoint\",\"urlTemplate\":\"https:\/\/besafesuite.com\/besaferate\/?s={search_term_string}\"},\"query-input\":\"required name=search_term_string\"}],\"inLanguage\":\"es\"},{\"@type\":\"WebPage\",\"@id\":\"https:\/\/besafesuite.com\/besaferate\/es\/albergatore\/que-es-como-funciona\/#webpage\",\"url\":\"https:\/\/besafesuite.com\/besaferate\/es\/albergatore\/que-es-como-funciona\/\",\"name\":\"Qu\u00e9 es y c\u00f3mo funciona - BeSafe Rate\",\"isPartOf\":{\"@id\":\"https:\/\/besafesuite.com\/besaferate\/#website\"},\"datePublished\":\"2021-10-07T14:52:30+00:00\",\"dateModified\":\"2021-12-28T12:03:35+00:00\",\"breadcrumb\":{\"@id\":\"https:\/\/besafesuite.com\/besaferate\/es\/albergatore\/que-es-como-funciona\/#breadcrumb\"},\"inLanguage\":\"es\",\"potentialAction\":[{\"@type\":\"ReadAction\",\"target\":[\"https:\/\/besafesuite.com\/besaferate\/es\/albergatore\/que-es-como-funciona\/\"]}]},{\"@type\":\"BreadcrumbList\",\"@id\":\"https:\/\/besafesuite.com\/besaferate\/es\/albergatore\/que-es-como-funciona\/#breadcrumb\",\"itemListElement\":[{\"@type\":\"ListItem\",\"position\":1,\"name\":\"Home\",\"item\":\"https:\/\/besafesuite.com\/besaferate\/es\/\"},{\"@type\":\"ListItem\",\"position\":2,\"name\":\"Hotelero\",\"item\":\"https:\/\/besafesuite.com\/besaferate\/es\/\"},{\"@type\":\"ListItem\",\"position\":3,\"name\":\"Qu\u00e9 es y c\u00f3mo funciona\"}]}]}<\/script>\n<!-- \/ Yoast SEO Premium plugin. -->","yoast_head_json":{"title":"Qu\u00e9 es y c\u00f3mo funciona - BeSafe Rate","robots":{"index":"index","follow":"follow","max-snippet":"max-snippet:-1","max-image-preview":"max-image-preview:large","max-video-preview":"max-video-preview:-1"},"canonical":"https:\/\/besafesuite.com\/besaferate\/es\/albergatore\/que-es-como-funciona\/","og_locale":"es_ES","og_type":"article","og_title":"Qu\u00e9 es y c\u00f3mo funciona","og_url":"https:\/\/besafesuite.com\/besaferate\/es\/albergatore\/que-es-como-funciona\/","og_site_name":"BeSafe Rate","article_publisher":"https:\/\/www.facebook.com\/besaferate\/","article_modified_time":"2021-12-28T12:03:35+00:00","og_image":[{"width":785,"height":613,"url":"https:\/\/besafesuite.com\/besaferate\/wp-content\/uploads\/sites\/2\/2021\/09\/image_2.jpg","type":"image\/jpeg"}],"twitter_card":"summary_large_image","schema":{"@context":"https:\/\/schema.org","@graph":[{"@type":"Organization","@id":"https:\/\/besafesuite.com\/besaferate\/#organization","name":"BeSafe Rate","url":"https:\/\/besafesuite.com\/besaferate\/","sameAs":["https:\/\/www.facebook.com\/besaferate\/","https:\/\/www.instagram.com\/besaferate\/","https:\/\/www.linkedin.com\/company\/besafesuitebesaferate","https:\/\/www.youtube.com\/channel\/UCH7p4G7FU4ps2Jyby8HAomQ"],"logo":{"@type":"ImageObject","@id":"https:\/\/besafesuite.com\/besaferate\/#logo","inLanguage":"es","url":"https:\/\/besafesuite.com\/besaferate\/wp-content\/uploads\/sites\/2\/2021\/09\/cropped-Rate.png","contentUrl":"https:\/\/besafesuite.com\/besaferate\/wp-content\/uploads\/sites\/2\/2021\/09\/cropped-Rate.png","width":512,"height":512,"caption":"BeSafe Rate"},"image":{"@id":"https:\/\/besafesuite.com\/besaferate\/#logo"}},{"@type":"WebSite","@id":"https:\/\/besafesuite.com\/besaferate\/#website","url":"https:\/\/besafesuite.com\/besaferate\/","name":"BeSafe Rate","description":"","publisher":{"@id":"https:\/\/besafesuite.com\/besaferate\/#organization"},"potentialAction":[{"@type":"SearchAction","target":{"@type":"EntryPoint","urlTemplate":"https:\/\/besafesuite.com\/besaferate\/?s={search_term_string}"},"query-input":"required name=search_term_string"}],"inLanguage":"es"},{"@type":"WebPage","@id":"https:\/\/besafesuite.com\/besaferate\/es\/albergatore\/que-es-como-funciona\/#webpage","url":"https:\/\/besafesuite.com\/besaferate\/es\/albergatore\/que-es-como-funciona\/","name":"Qu\u00e9 es y c\u00f3mo funciona - BeSafe Rate","isPartOf":{"@id":"https:\/\/besafesuite.com\/besaferate\/#website"},"datePublished":"2021-10-07T14:52:30+00:00","dateModified":"2021-12-28T12:03:35+00:00","breadcrumb":{"@id":"https:\/\/besafesuite.com\/besaferate\/es\/albergatore\/que-es-como-funciona\/#breadcrumb"},"inLanguage":"es","potentialAction":[{"@type":"ReadAction","target":["https:\/\/besafesuite.com\/besaferate\/es\/albergatore\/que-es-como-funciona\/"]}]},{"@type":"BreadcrumbList","@id":"https:\/\/besafesuite.com\/besaferate\/es\/albergatore\/que-es-como-funciona\/#breadcrumb","itemListElement":[{"@type":"ListItem","position":1,"name":"Home","item":"https:\/\/besafesuite.com\/besaferate\/es\/"},{"@type":"ListItem","position":2,"name":"Hotelero","item":"https:\/\/besafesuite.com\/besaferate\/es\/"},{"@type":"ListItem","position":3,"name":"Qu\u00e9 es y c\u00f3mo funciona"}]}]}},"acf":{"hero_visibility":false,"page_builder":[{"acf_fc_layout":"block_generic_text","section":{"s_visibility":false,"s_id":"","s_pdg_top":"1x","s_pdg_bottom":"1x","s_bg_color":"no","s_decoration":""},"generic_text":{"subtitle":"","title":"Qu\u00e9 es","text":"<p>\u00bfHas intentado alguna vez ofrecer <strong>una tarifa para hu\u00e9spedes innovadora y segura<\/strong>? Te sorprender\u00e1 atraer a un nuevo y creciente segmento de mercado que busca una estancia segura.<\/p>\n<p><strong>BeSafe Rate es el servicio dise\u00f1ado para permitirte vender estancias con seguro incluido<\/strong> en el coste de la reserva directamente desde tu p\u00e1gina web o fuera de ella de acuerdo con tus estrategias de venta.<\/p>\n<p>Gracias a la reserva asegurada, con BeSafe tus hu\u00e9spedes est\u00e1n seguros y tus ganancias tambi\u00e9n.<\/p>\n<p>&nbsp;<\/p>\n"}},{"acf_fc_layout":"block_generic_text","section":{"s_visibility":false,"s_id":"","s_pdg_top":"1x","s_pdg_bottom":"1x","s_bg_color":"no","s_decoration":""},"generic_text":{"subtitle":"","title":"C\u00f3mo funciona","text":"<p><strong>La activaci\u00f3n del servicio es gratuita.<\/strong><\/p>\n<p><span style=\"font-weight: 400;\">En tres sencillos pasos te puedes registrar en el servicio y tienes acceso a tu \u00e1rea personal.\u00a0 <\/span><\/p>\n<p><span style=\"font-weight: 400;\"><strong>Te ayudamos en el proceso de configuraci\u00f3n de la tarifa<\/strong>, eres t\u00fa que eliges como colocarla de acuerdo con tu estrategia de venta.<\/span><\/p>\n<p><span style=\"font-weight: 400;\"><strong>Nos conectamos directamente con tu sistema de gesti\u00f3n.<\/strong> El software solo filtrar\u00e1 las reservas aseguradas recibidas y enviar\u00e1 los datos de tus hu\u00e9spedes a la compa\u00f1\u00eda de seguros. Las cubiertas incluidas en la reserva se activar\u00e1n autom\u00e1ticamente.<\/span><\/p>\n<p><span style=\"font-weight: 400;\">Puedes recibir las reservas aseguradas tambi\u00e9n sin integraci\u00f3n.<\/span><\/p>\n<p><a href=\"https:\/\/besafesuite.com\/besaferate\/es\/albergatore\/formulario-de-informacion\/\"><span style=\"font-weight: 400;\">Descubre m\u00e1s<\/span><\/a><\/p>\n"}},{"acf_fc_layout":"block_generic_text","section":{"s_visibility":false,"s_id":"","s_pdg_top":"1x","s_pdg_bottom":"1x","s_bg_color":"no","s_decoration":""},"generic_text":{"subtitle":"","title":"La Experiencia del Usuario","text":"<p><span style=\"font-weight: 400;\">Todo sucede en tu sitio Web, maximizando tus posibilidades de conversi\u00f3n.<\/span><\/p>\n<p><span style=\"font-weight: 400;\">El hu\u00e9sped navega por tu sitio Web, selecciona la Tarifa BeSafe entre las ofertas disponibles y finaliza el proceso de reserva. <\/span><\/p>\n<p><span style=\"font-weight: 400;\">El seguro de viaje se incluye autom\u00e1ticamente en el costo de la reserva. <\/span><\/p>\n<p><span style=\"font-weight: 400;\"><strong>Recibes<\/strong> la confirmaci\u00f3n de la reserva.<\/span><\/p>\n<p><span style=\"font-weight: 400;\"><strong>Cobras<\/strong> el importe<\/span><span style=\"font-weight: 400;\"> asociado con la estancia asegurada seg\u00fan la pol\u00edtica de pago elegida.\u00a0 <\/span><\/p>\n<p><span style=\"font-weight: 400;\"><strong>Gestionas<\/strong> la reserva directamente en tu \u00e1rea personal.<\/span><\/p>\n<p><span style=\"font-weight: 400;\">El hu\u00e9sped recibe la confirmaci\u00f3n de la activaci\u00f3n de las coberturas del seguro. <\/span><\/p>\n<p><span style=\"font-weight: 400;\"><strong>\u00a0Tu ganancia est\u00e1 segura y tambi\u00e9n lo est\u00e1n tus hu\u00e9spedes<\/strong>, simplemente haciendo clic.<\/span><\/p>\n<p>&nbsp;<\/p>\n<p>&nbsp;<\/p>\n<p>&nbsp;<\/p>\n"}}],"custom_css":""},"_links":{"self":[{"href":"https:\/\/besafesuite.com\/besaferate\/es\/wp-json\/wp\/v2\/pages\/1709"}],"collection":[{"href":"https:\/\/besafesuite.com\/besaferate\/es\/wp-json\/wp\/v2\/pages"}],"about":[{"href":"https:\/\/besafesuite.com\/besaferate\/es\/wp-json\/wp\/v2\/types\/page"}],"author":[{"embeddable":true,"href":"https:\/\/besafesuite.com\/besaferate\/es\/wp-json\/wp\/v2\/users\/2"}],"replies":[{"embeddable":true,"href":"https:\/\/besafesuite.com\/besaferate\/es\/wp-json\/wp\/v2\/comments?post=1709"}],"version-history":[{"count":2,"href":"https:\/\/besafesuite.com\/besaferate\/es\/wp-json\/wp\/v2\/pages\/1709\/revisions"}],"predecessor-version":[{"id":1740,"href":"https:\/\/besafesuite.com\/besaferate\/es\/wp-json\/wp\/v2\/pages\/1709\/revisions\/1740"}],"up":[{"embeddable":true,"href":"https:\/\/besafesuite.com\/besaferate\/es\/wp-json\/wp\/v2\/pages\/1644"}],"wp:attachment":[{"href":"https:\/\/besafesuite.com\/besaferate\/es\/wp-json\/wp\/v2\/media?parent=1709"}],"curies":[{"name":"wp","href":"https:\/\/api.w.org\/{rel}","templated":true}]}}