{"id":1773,"date":"2021-09-17T12:16:07","date_gmt":"2021-09-17T10:16:07","guid":{"rendered":"https:\/\/besafesuite.com\/besaferate\/aiuto\/"},"modified":"2021-12-28T14:18:28","modified_gmt":"2021-12-28T13:18:28","slug":"ayuda","status":"publish","type":"page","link":"https:\/\/besafesuite.com\/besaferate\/es\/viajero\/ayuda\/","title":{"rendered":"Ayuda"},"content":{"rendered":"","protected":false},"excerpt":{"rendered":"","protected":false},"author":2,"featured_media":0,"parent":1810,"menu_order":42,"comment_status":"closed","ping_status":"closed","template":"template-faqs-viaggiatore.php","meta":[],"yoast_head":"<!-- This site is optimized with the Yoast SEO Premium plugin v18.1 (Yoast SEO v18.3) - https:\/\/yoast.com\/wordpress\/plugins\/seo\/ -->\n<title>Ayuda - BeSafe Rate<\/title>\n<meta name=\"robots\" content=\"index, follow, max-snippet:-1, max-image-preview:large, max-video-preview:-1\" \/>\n<link rel=\"canonical\" href=\"https:\/\/besafesuite.com\/besaferate\/es\/viajero\/ayuda\/\" \/>\n<meta property=\"og:locale\" content=\"es_ES\" \/>\n<meta property=\"og:type\" content=\"article\" \/>\n<meta property=\"og:title\" content=\"Ayuda\" \/>\n<meta property=\"og:url\" content=\"https:\/\/besafesuite.com\/besaferate\/es\/viajero\/ayuda\/\" \/>\n<meta property=\"og:site_name\" content=\"BeSafe Rate\" \/>\n<meta property=\"article:publisher\" content=\"https:\/\/www.facebook.com\/besaferate\/\" \/>\n<meta property=\"article:modified_time\" content=\"2021-12-28T13:18:28+00:00\" \/>\n<meta property=\"og:image\" content=\"https:\/\/besafesuite.com\/besaferate\/wp-content\/uploads\/sites\/2\/2021\/09\/image_2.jpg\" \/>\n\t<meta property=\"og:image:width\" content=\"785\" \/>\n\t<meta property=\"og:image:height\" content=\"613\" \/>\n\t<meta property=\"og:image:type\" content=\"image\/jpeg\" \/>\n<meta name=\"twitter:card\" content=\"summary_large_image\" \/>\n<script type=\"application\/ld+json\" class=\"yoast-schema-graph\">{\"@context\":\"https:\/\/schema.org\",\"@graph\":[{\"@type\":\"Organization\",\"@id\":\"https:\/\/besafesuite.com\/besaferate\/#organization\",\"name\":\"BeSafe Rate\",\"url\":\"https:\/\/besafesuite.com\/besaferate\/\",\"sameAs\":[\"https:\/\/www.facebook.com\/besaferate\/\",\"https:\/\/www.instagram.com\/besaferate\/\",\"https:\/\/www.linkedin.com\/company\/besafesuitebesaferate\",\"https:\/\/www.youtube.com\/channel\/UCH7p4G7FU4ps2Jyby8HAomQ\"],\"logo\":{\"@type\":\"ImageObject\",\"@id\":\"https:\/\/besafesuite.com\/besaferate\/#logo\",\"inLanguage\":\"es\",\"url\":\"https:\/\/besafesuite.com\/besaferate\/wp-content\/uploads\/sites\/2\/2021\/09\/cropped-Rate.png\",\"contentUrl\":\"https:\/\/besafesuite.com\/besaferate\/wp-content\/uploads\/sites\/2\/2021\/09\/cropped-Rate.png\",\"width\":512,\"height\":512,\"caption\":\"BeSafe Rate\"},\"image\":{\"@id\":\"https:\/\/besafesuite.com\/besaferate\/#logo\"}},{\"@type\":\"WebSite\",\"@id\":\"https:\/\/besafesuite.com\/besaferate\/#website\",\"url\":\"https:\/\/besafesuite.com\/besaferate\/\",\"name\":\"BeSafe Rate\",\"description\":\"\",\"publisher\":{\"@id\":\"https:\/\/besafesuite.com\/besaferate\/#organization\"},\"potentialAction\":[{\"@type\":\"SearchAction\",\"target\":{\"@type\":\"EntryPoint\",\"urlTemplate\":\"https:\/\/besafesuite.com\/besaferate\/?s={search_term_string}\"},\"query-input\":\"required name=search_term_string\"}],\"inLanguage\":\"es\"},{\"@type\":\"WebPage\",\"@id\":\"https:\/\/besafesuite.com\/besaferate\/es\/viajero\/ayuda\/#webpage\",\"url\":\"https:\/\/besafesuite.com\/besaferate\/es\/viajero\/ayuda\/\",\"name\":\"Ayuda - BeSafe Rate\",\"isPartOf\":{\"@id\":\"https:\/\/besafesuite.com\/besaferate\/#website\"},\"datePublished\":\"2021-09-17T10:16:07+00:00\",\"dateModified\":\"2021-12-28T13:18:28+00:00\",\"breadcrumb\":{\"@id\":\"https:\/\/besafesuite.com\/besaferate\/es\/viajero\/ayuda\/#breadcrumb\"},\"inLanguage\":\"es\",\"potentialAction\":[{\"@type\":\"ReadAction\",\"target\":[\"https:\/\/besafesuite.com\/besaferate\/es\/viajero\/ayuda\/\"]}]},{\"@type\":\"BreadcrumbList\",\"@id\":\"https:\/\/besafesuite.com\/besaferate\/es\/viajero\/ayuda\/#breadcrumb\",\"itemListElement\":[{\"@type\":\"ListItem\",\"position\":1,\"name\":\"Home\",\"item\":\"https:\/\/besafesuite.com\/besaferate\/es\/\"},{\"@type\":\"ListItem\",\"position\":2,\"name\":\"Viajero\",\"item\":\"https:\/\/besafesuite.com\/besaferate\/es\/viajero\/\"},{\"@type\":\"ListItem\",\"position\":3,\"name\":\"Ayuda\"}]}]}<\/script>\n<!-- \/ Yoast SEO Premium plugin. -->","yoast_head_json":{"title":"Ayuda - BeSafe Rate","robots":{"index":"index","follow":"follow","max-snippet":"max-snippet:-1","max-image-preview":"max-image-preview:large","max-video-preview":"max-video-preview:-1"},"canonical":"https:\/\/besafesuite.com\/besaferate\/es\/viajero\/ayuda\/","og_locale":"es_ES","og_type":"article","og_title":"Ayuda","og_url":"https:\/\/besafesuite.com\/besaferate\/es\/viajero\/ayuda\/","og_site_name":"BeSafe Rate","article_publisher":"https:\/\/www.facebook.com\/besaferate\/","article_modified_time":"2021-12-28T13:18:28+00:00","og_image":[{"width":785,"height":613,"url":"https:\/\/besafesuite.com\/besaferate\/wp-content\/uploads\/sites\/2\/2021\/09\/image_2.jpg","type":"image\/jpeg"}],"twitter_card":"summary_large_image","schema":{"@context":"https:\/\/schema.org","@graph":[{"@type":"Organization","@id":"https:\/\/besafesuite.com\/besaferate\/#organization","name":"BeSafe Rate","url":"https:\/\/besafesuite.com\/besaferate\/","sameAs":["https:\/\/www.facebook.com\/besaferate\/","https:\/\/www.instagram.com\/besaferate\/","https:\/\/www.linkedin.com\/company\/besafesuitebesaferate","https:\/\/www.youtube.com\/channel\/UCH7p4G7FU4ps2Jyby8HAomQ"],"logo":{"@type":"ImageObject","@id":"https:\/\/besafesuite.com\/besaferate\/#logo","inLanguage":"es","url":"https:\/\/besafesuite.com\/besaferate\/wp-content\/uploads\/sites\/2\/2021\/09\/cropped-Rate.png","contentUrl":"https:\/\/besafesuite.com\/besaferate\/wp-content\/uploads\/sites\/2\/2021\/09\/cropped-Rate.png","width":512,"height":512,"caption":"BeSafe Rate"},"image":{"@id":"https:\/\/besafesuite.com\/besaferate\/#logo"}},{"@type":"WebSite","@id":"https:\/\/besafesuite.com\/besaferate\/#website","url":"https:\/\/besafesuite.com\/besaferate\/","name":"BeSafe Rate","description":"","publisher":{"@id":"https:\/\/besafesuite.com\/besaferate\/#organization"},"potentialAction":[{"@type":"SearchAction","target":{"@type":"EntryPoint","urlTemplate":"https:\/\/besafesuite.com\/besaferate\/?s={search_term_string}"},"query-input":"required name=search_term_string"}],"inLanguage":"es"},{"@type":"WebPage","@id":"https:\/\/besafesuite.com\/besaferate\/es\/viajero\/ayuda\/#webpage","url":"https:\/\/besafesuite.com\/besaferate\/es\/viajero\/ayuda\/","name":"Ayuda - BeSafe Rate","isPartOf":{"@id":"https:\/\/besafesuite.com\/besaferate\/#website"},"datePublished":"2021-09-17T10:16:07+00:00","dateModified":"2021-12-28T13:18:28+00:00","breadcrumb":{"@id":"https:\/\/besafesuite.com\/besaferate\/es\/viajero\/ayuda\/#breadcrumb"},"inLanguage":"es","potentialAction":[{"@type":"ReadAction","target":["https:\/\/besafesuite.com\/besaferate\/es\/viajero\/ayuda\/"]}]},{"@type":"BreadcrumbList","@id":"https:\/\/besafesuite.com\/besaferate\/es\/viajero\/ayuda\/#breadcrumb","itemListElement":[{"@type":"ListItem","position":1,"name":"Home","item":"https:\/\/besafesuite.com\/besaferate\/es\/"},{"@type":"ListItem","position":2,"name":"Viajero","item":"https:\/\/besafesuite.com\/besaferate\/es\/viajero\/"},{"@type":"ListItem","position":3,"name":"Ayuda"}]}]}},"acf":{"faqs_archive_title":"Bienvenido a las preguntas frecuentes sobre la tarifa BeSafe","hero_visibility":false,"faqs_archive_description":"<p>Nuestro equipo de expertos ha recopilado y seleccionado cuidadosamente las preguntas m\u00e1s frecuentes de los viajeros sobre el servicio de tarifa BeSafe. Esto nos ha permitido crear esta secci\u00f3n, dise\u00f1ada espec\u00edficamente para aclarar dudas y proporcionar informaci\u00f3n adicional sobre nuestro servicio.<\/p>\n<p>Si ya es cliente o est\u00e1 interesado en serlo, le invitamos a consultar las siguientes preguntas frecuentes. Elige la categor\u00eda que te interesa y sigue el enlace asociado para ver todas las preguntas asociadas a la categor\u00eda seleccionada.<\/p>\n<p>&nbsp;<\/p>\n","faqs_archive_loop_title":"Elige la categor\u00eda que te interesa","custom_css":""},"_links":{"self":[{"href":"https:\/\/besafesuite.com\/besaferate\/es\/wp-json\/wp\/v2\/pages\/1773"}],"collection":[{"href":"https:\/\/besafesuite.com\/besaferate\/es\/wp-json\/wp\/v2\/pages"}],"about":[{"href":"https:\/\/besafesuite.com\/besaferate\/es\/wp-json\/wp\/v2\/types\/page"}],"author":[{"embeddable":true,"href":"https:\/\/besafesuite.com\/besaferate\/es\/wp-json\/wp\/v2\/users\/2"}],"replies":[{"embeddable":true,"href":"https:\/\/besafesuite.com\/besaferate\/es\/wp-json\/wp\/v2\/comments?post=1773"}],"version-history":[{"count":2,"href":"https:\/\/besafesuite.com\/besaferate\/es\/wp-json\/wp\/v2\/pages\/1773\/revisions"}],"predecessor-version":[{"id":1776,"href":"https:\/\/besafesuite.com\/besaferate\/es\/wp-json\/wp\/v2\/pages\/1773\/revisions\/1776"}],"up":[{"embeddable":true,"href":"https:\/\/besafesuite.com\/besaferate\/es\/wp-json\/wp\/v2\/pages\/1810"}],"wp:attachment":[{"href":"https:\/\/besafesuite.com\/besaferate\/es\/wp-json\/wp\/v2\/media?parent=1773"}],"curies":[{"name":"wp","href":"https:\/\/api.w.org\/{rel}","templated":true}]}}