{"id":2205,"date":"2022-02-18T16:54:52","date_gmt":"2022-02-18T15:54:52","guid":{"rendered":"https:\/\/besafesuite.com\/besaferate\/?page_id=2205"},"modified":"2022-02-18T16:54:52","modified_gmt":"2022-02-18T15:54:52","slug":"mission","status":"publish","type":"page","link":"https:\/\/besafesuite.com\/besaferate\/es\/mission\/","title":{"rendered":"Mission"},"content":{"rendered":"","protected":false},"excerpt":{"rendered":"","protected":false},"author":11,"featured_media":0,"parent":0,"menu_order":3,"comment_status":"closed","ping_status":"closed","template":"","meta":[],"yoast_head":"<!-- This site is optimized with the Yoast SEO Premium plugin v18.1 (Yoast SEO v18.3) - https:\/\/yoast.com\/wordpress\/plugins\/seo\/ -->\n<title>Mission - BeSafe Rate<\/title>\n<meta name=\"robots\" content=\"index, follow, max-snippet:-1, max-image-preview:large, max-video-preview:-1\" \/>\n<link rel=\"canonical\" href=\"https:\/\/besafesuite.com\/besaferate\/es\/mission\/\" \/>\n<meta property=\"og:locale\" content=\"es_ES\" \/>\n<meta property=\"og:type\" content=\"article\" \/>\n<meta property=\"og:title\" content=\"Mission\" \/>\n<meta property=\"og:url\" content=\"https:\/\/besafesuite.com\/besaferate\/es\/mission\/\" \/>\n<meta property=\"og:site_name\" content=\"BeSafe Rate\" \/>\n<meta property=\"article:publisher\" content=\"https:\/\/www.facebook.com\/besaferate\/\" \/>\n<meta property=\"og:image\" content=\"https:\/\/besafesuite.com\/besaferate\/wp-content\/uploads\/sites\/2\/2021\/09\/image_2.jpg\" \/>\n\t<meta property=\"og:image:width\" content=\"785\" \/>\n\t<meta property=\"og:image:height\" content=\"613\" \/>\n\t<meta property=\"og:image:type\" content=\"image\/jpeg\" \/>\n<meta name=\"twitter:card\" content=\"summary_large_image\" \/>\n<script type=\"application\/ld+json\" class=\"yoast-schema-graph\">{\"@context\":\"https:\/\/schema.org\",\"@graph\":[{\"@type\":\"Organization\",\"@id\":\"https:\/\/besafesuite.com\/besaferate\/#organization\",\"name\":\"BeSafe Rate\",\"url\":\"https:\/\/besafesuite.com\/besaferate\/\",\"sameAs\":[\"https:\/\/www.facebook.com\/besaferate\/\",\"https:\/\/www.instagram.com\/besaferate\/\",\"https:\/\/www.linkedin.com\/company\/besafesuitebesaferate\",\"https:\/\/www.youtube.com\/channel\/UCH7p4G7FU4ps2Jyby8HAomQ\"],\"logo\":{\"@type\":\"ImageObject\",\"@id\":\"https:\/\/besafesuite.com\/besaferate\/#logo\",\"inLanguage\":\"es\",\"url\":\"https:\/\/besafesuite.com\/besaferate\/wp-content\/uploads\/sites\/2\/2021\/09\/cropped-Rate.png\",\"contentUrl\":\"https:\/\/besafesuite.com\/besaferate\/wp-content\/uploads\/sites\/2\/2021\/09\/cropped-Rate.png\",\"width\":512,\"height\":512,\"caption\":\"BeSafe Rate\"},\"image\":{\"@id\":\"https:\/\/besafesuite.com\/besaferate\/#logo\"}},{\"@type\":\"WebSite\",\"@id\":\"https:\/\/besafesuite.com\/besaferate\/#website\",\"url\":\"https:\/\/besafesuite.com\/besaferate\/\",\"name\":\"BeSafe Rate\",\"description\":\"\",\"publisher\":{\"@id\":\"https:\/\/besafesuite.com\/besaferate\/#organization\"},\"potentialAction\":[{\"@type\":\"SearchAction\",\"target\":{\"@type\":\"EntryPoint\",\"urlTemplate\":\"https:\/\/besafesuite.com\/besaferate\/?s={search_term_string}\"},\"query-input\":\"required name=search_term_string\"}],\"inLanguage\":\"es\"},{\"@type\":\"WebPage\",\"@id\":\"https:\/\/besafesuite.com\/besaferate\/es\/mission\/#webpage\",\"url\":\"https:\/\/besafesuite.com\/besaferate\/es\/mission\/\",\"name\":\"Mission - BeSafe Rate\",\"isPartOf\":{\"@id\":\"https:\/\/besafesuite.com\/besaferate\/#website\"},\"datePublished\":\"2022-02-18T15:54:52+00:00\",\"dateModified\":\"2022-02-18T15:54:52+00:00\",\"breadcrumb\":{\"@id\":\"https:\/\/besafesuite.com\/besaferate\/es\/mission\/#breadcrumb\"},\"inLanguage\":\"es\",\"potentialAction\":[{\"@type\":\"ReadAction\",\"target\":[\"https:\/\/besafesuite.com\/besaferate\/es\/mission\/\"]}]},{\"@type\":\"BreadcrumbList\",\"@id\":\"https:\/\/besafesuite.com\/besaferate\/es\/mission\/#breadcrumb\",\"itemListElement\":[{\"@type\":\"ListItem\",\"position\":1,\"name\":\"Home\",\"item\":\"https:\/\/besafesuite.com\/besaferate\/es\/\"},{\"@type\":\"ListItem\",\"position\":2,\"name\":\"Mission\"}]}]}<\/script>\n<!-- \/ Yoast SEO Premium plugin. -->","yoast_head_json":{"title":"Mission - BeSafe Rate","robots":{"index":"index","follow":"follow","max-snippet":"max-snippet:-1","max-image-preview":"max-image-preview:large","max-video-preview":"max-video-preview:-1"},"canonical":"https:\/\/besafesuite.com\/besaferate\/es\/mission\/","og_locale":"es_ES","og_type":"article","og_title":"Mission","og_url":"https:\/\/besafesuite.com\/besaferate\/es\/mission\/","og_site_name":"BeSafe Rate","article_publisher":"https:\/\/www.facebook.com\/besaferate\/","og_image":[{"width":785,"height":613,"url":"https:\/\/besafesuite.com\/besaferate\/wp-content\/uploads\/sites\/2\/2021\/09\/image_2.jpg","type":"image\/jpeg"}],"twitter_card":"summary_large_image","schema":{"@context":"https:\/\/schema.org","@graph":[{"@type":"Organization","@id":"https:\/\/besafesuite.com\/besaferate\/#organization","name":"BeSafe Rate","url":"https:\/\/besafesuite.com\/besaferate\/","sameAs":["https:\/\/www.facebook.com\/besaferate\/","https:\/\/www.instagram.com\/besaferate\/","https:\/\/www.linkedin.com\/company\/besafesuitebesaferate","https:\/\/www.youtube.com\/channel\/UCH7p4G7FU4ps2Jyby8HAomQ"],"logo":{"@type":"ImageObject","@id":"https:\/\/besafesuite.com\/besaferate\/#logo","inLanguage":"es","url":"https:\/\/besafesuite.com\/besaferate\/wp-content\/uploads\/sites\/2\/2021\/09\/cropped-Rate.png","contentUrl":"https:\/\/besafesuite.com\/besaferate\/wp-content\/uploads\/sites\/2\/2021\/09\/cropped-Rate.png","width":512,"height":512,"caption":"BeSafe Rate"},"image":{"@id":"https:\/\/besafesuite.com\/besaferate\/#logo"}},{"@type":"WebSite","@id":"https:\/\/besafesuite.com\/besaferate\/#website","url":"https:\/\/besafesuite.com\/besaferate\/","name":"BeSafe Rate","description":"","publisher":{"@id":"https:\/\/besafesuite.com\/besaferate\/#organization"},"potentialAction":[{"@type":"SearchAction","target":{"@type":"EntryPoint","urlTemplate":"https:\/\/besafesuite.com\/besaferate\/?s={search_term_string}"},"query-input":"required name=search_term_string"}],"inLanguage":"es"},{"@type":"WebPage","@id":"https:\/\/besafesuite.com\/besaferate\/es\/mission\/#webpage","url":"https:\/\/besafesuite.com\/besaferate\/es\/mission\/","name":"Mission - BeSafe Rate","isPartOf":{"@id":"https:\/\/besafesuite.com\/besaferate\/#website"},"datePublished":"2022-02-18T15:54:52+00:00","dateModified":"2022-02-18T15:54:52+00:00","breadcrumb":{"@id":"https:\/\/besafesuite.com\/besaferate\/es\/mission\/#breadcrumb"},"inLanguage":"es","potentialAction":[{"@type":"ReadAction","target":["https:\/\/besafesuite.com\/besaferate\/es\/mission\/"]}]},{"@type":"BreadcrumbList","@id":"https:\/\/besafesuite.com\/besaferate\/es\/mission\/#breadcrumb","itemListElement":[{"@type":"ListItem","position":1,"name":"Home","item":"https:\/\/besafesuite.com\/besaferate\/es\/"},{"@type":"ListItem","position":2,"name":"Mission"}]}]}},"acf":{"custom_css":"","page_builder":[{"acf_fc_layout":"block_generic_text","section":{"s_visibility":false,"s_id":"","s_pdg_top":"4x","s_pdg_bottom":"4x","s_bg_color":"no","s_decoration":""},"generic_text":{"subtitle":"","title":"","text":"<p>El trabajo del hotelero se convierte en pasi\u00f3n y dedicaci\u00f3n y <strong>la satisfacci\u00f3n del hu\u00e9sped es un impulso para ofrecer m\u00e1s y mejor<\/strong>. Esto significa satisfacer las diferentes necesidades de los clientes y ser capaz de anticipar los servicios que se convertir\u00e1n, un d\u00eda, en ofertas est\u00e1ndar.<\/p>\n<p>BeSafe Rate es un <strong>servicio creado para proteger a todos aquellos que han hecho de la hospitalidad su vida.<\/strong> Uno escudo defensivo de los hoteleros y propietarios de alojamientos tur\u00edsticos de cada categor\u00eda, capaz de proteger a dichos profesionales de las p\u00e9rdidas econ\u00f3micas relacionadas con los reembolsos y las estancias no disfrutadas.<\/p>\n<h2><strong>Empezar por las necesidades<\/strong><\/h2>\n<p>Lo que ha llevado a la empresa a dar los primeros pasos ha sido la necesidad, por parte de los hoteleros, de ponerse en los zapatos de sus hu\u00e9spedes. Esto para poder entender mejor las necesidades y la consiguiente voluntad de <strong>llegar a un acuerdo entre los intereses aparentemente opuestos<\/strong>.<\/p>\n<ul>\n<li><strong>Los hu\u00e9spedes<\/strong> necesitan de <strong>flexibilidad y garant\u00eda de protecci\u00f3n<\/strong> en caso de imprevistos que puedan comprometer su estancia.<\/li>\n<li><strong>Los hoteleros<\/strong> necesitan <strong>ingresos garantizados<\/strong> para que crezca su negocio. Ingresos anticipados y sobre todo ingresos garantizados tambi\u00e9n en caso de cancelaci\u00f3n.<\/li>\n<\/ul>\n<p>Vivimos en una \u00e9poca particular en la que la inseguridad afecta a la organizaci\u00f3n de un viaje. Sin duda, es una componente importante para los viajeros que hacen una reserva y es un deber para los hoteleros ofrecer una soluci\u00f3n tambi\u00e9n a esta necesidad, <strong>tanto para proteger a sus hu\u00e9spedes, como para salvaguardar sus ganancias.<\/strong><\/p>\n<p><strong>Se cancelan el 41% las reservas de \u00faltima hora<\/strong>, aumentando la incertidumbre de los ingresos para los hoteleros, y la tarifa denominada <em>no reembolsable<\/em> no garantiza el ingreso a los alojamientos tur\u00edsticos. De hecho, un hu\u00e9sped puede recurrir al circuito interbancario, obteniendo a menudo, el reembolso total del importe, a pesar de la pol\u00edtica de cancelaci\u00f3n de la tarifa <em>No reembolsable<\/em>, causando una p\u00e9rdida para los hoteleros.<\/p>\n<p>Por tanto, \u00bfcomo responder simult\u00e1neamente a las necesidades de ambos a trav\u00e9s de una \u00fanica soluci\u00f3n?<\/p>\n<h3><strong>El punto de encuentro<\/strong><\/h3>\n<p>BeSafe Rate nace exactamente para responder a estas necesidades. La empresa <em>tecnol\u00f3gica<\/em> permite a las estructuras poner a la venta la misma tarifa que incluye en el precio de la estancia reservada un seguro de viaje a favor de aquellos que se quedan, <strong>garantizando los ingresos de los hoteleros a trav\u00e9s de la protecci\u00f3n de sus hu\u00e9spedes<\/strong>.<\/p>\n<p>De esta manera, la estructura ofrece a su hu\u00e9sped un producto capaz de <strong>eliminar la gesti\u00f3n de los reembolsos. <\/strong>En caso de un evento inesperado que comprometa la estancia, la Compa\u00f1\u00eda de Seguro se encargar\u00e1 de su gesti\u00f3n y de una eventual concesi\u00f3n del reembolso.<\/p>\n<h3><strong>Un servicio completo<\/strong><\/h3>\n<p>La empresa nace para ofrecer a los profesionales del sector un servicio completo, innovador y vers\u00e1til, capaz de:<\/p>\n<ul>\n<li>Incrementar las <strong>reservas con prepago<\/strong><\/li>\n<li>Incrementar los <strong>ingresos anticipados<\/strong><\/li>\n<li>Proporcionar una <strong>garant\u00eda de ganancia <\/strong>a los operadores del sector<\/li>\n<li>Proporcionar <strong>mayor poder de gesti\u00f3n de ingresos<\/strong> a los operadores del sector<\/li>\n<li><strong>Aumentar las reservas directas <\/strong>y la desintermediaci\u00f3n<\/li>\n<li><strong>Eliminar la gesti\u00f3n de los rembolsos <\/strong>para las estancias no disfrutadas<\/li>\n<li>Ayudar a los operadores del sector en la <strong>gesti\u00f3n de los imprevistos<\/strong><\/li>\n<\/ul>\n<p>Protegiendo a los viajeros de posibles imprevistos y garantiz\u00e1ndoles el reembolso en caso de no estancia, esta tarifa asegura a los hoteleros <strong>ganancias anticipadas y garantizadas tambi\u00e9n en caso de cancelaci\u00f3n.<\/strong><\/p>\n<p>De esta manera, un evento que normalmente ser\u00eda una perdida le da al hotelero la posibilidad de volver a poner en venta el mismo alojamiento y por esta raz\u00f3n BeSafe Rate es una verdadera <strong>oportunidad de ganancia.<\/strong><\/p>\n"}}],"hero_visibility":false},"_links":{"self":[{"href":"https:\/\/besafesuite.com\/besaferate\/es\/wp-json\/wp\/v2\/pages\/2205"}],"collection":[{"href":"https:\/\/besafesuite.com\/besaferate\/es\/wp-json\/wp\/v2\/pages"}],"about":[{"href":"https:\/\/besafesuite.com\/besaferate\/es\/wp-json\/wp\/v2\/types\/page"}],"author":[{"embeddable":true,"href":"https:\/\/besafesuite.com\/besaferate\/es\/wp-json\/wp\/v2\/users\/11"}],"replies":[{"embeddable":true,"href":"https:\/\/besafesuite.com\/besaferate\/es\/wp-json\/wp\/v2\/comments?post=2205"}],"version-history":[{"count":1,"href":"https:\/\/besafesuite.com\/besaferate\/es\/wp-json\/wp\/v2\/pages\/2205\/revisions"}],"predecessor-version":[{"id":2206,"href":"https:\/\/besafesuite.com\/besaferate\/es\/wp-json\/wp\/v2\/pages\/2205\/revisions\/2206"}],"wp:attachment":[{"href":"https:\/\/besafesuite.com\/besaferate\/es\/wp-json\/wp\/v2\/media?parent=2205"}],"curies":[{"name":"wp","href":"https:\/\/api.w.org\/{rel}","templated":true}]}}