{"id":2877,"date":"2021-10-08T11:27:10","date_gmt":"2021-10-08T09:27:10","guid":{"rendered":"https:\/\/besafesuite.com\/besaferate\/tariffa-assicurata-hotel\/recensioni-albergatore\/"},"modified":"2022-08-19T14:16:15","modified_gmt":"2022-08-19T12:16:15","slug":"avis-hoteliers","status":"publish","type":"page","link":"https:\/\/besafesuite.com\/besaferate\/fr\/homepage\/avis-hoteliers\/","title":{"rendered":"Les avis des h\u00f4teliers"},"content":{"rendered":"","protected":false},"excerpt":{"rendered":"","protected":false},"author":2,"featured_media":0,"parent":2780,"menu_order":19,"comment_status":"closed","ping_status":"closed","template":"","meta":[],"yoast_head":"<!-- This site is optimized with the Yoast SEO Premium plugin v18.1 (Yoast SEO v18.3) - https:\/\/yoast.com\/wordpress\/plugins\/seo\/ -->\n<title>Commentaires d&#039;h\u00f4teliers ayant utilis\u00e9 le service | BeSafe Rate<\/title>\n<meta name=\"description\" content=\"Commentaires de nos clients h\u00f4teliers qui ont profit\u00e9 de l&#039;assurance pr\u00e9pay\u00e9e BeSafe Rate. En savoir plus !\" \/>\n<meta name=\"robots\" content=\"index, follow, max-snippet:-1, max-image-preview:large, max-video-preview:-1\" \/>\n<link rel=\"canonical\" href=\"https:\/\/besafesuite.com\/besaferate\/fr\/homepage\/avis-hoteliers\/\" \/>\n<meta property=\"og:locale\" content=\"fr_FR\" \/>\n<meta property=\"og:type\" content=\"article\" \/>\n<meta property=\"og:title\" content=\"Les avis des h\u00f4teliers\" \/>\n<meta property=\"og:description\" content=\"Commentaires de nos clients h\u00f4teliers qui ont profit\u00e9 de l&#039;assurance pr\u00e9pay\u00e9e BeSafe Rate. En savoir plus !\" \/>\n<meta property=\"og:url\" content=\"https:\/\/besafesuite.com\/besaferate\/fr\/homepage\/avis-hoteliers\/\" \/>\n<meta property=\"og:site_name\" content=\"BeSafe Rate\" \/>\n<meta property=\"article:publisher\" content=\"https:\/\/www.facebook.com\/besaferate\/\" \/>\n<meta property=\"article:modified_time\" content=\"2022-08-19T12:16:15+00:00\" \/>\n<meta property=\"og:image\" content=\"https:\/\/besafesuite.com\/besaferate\/wp-content\/uploads\/sites\/2\/2021\/09\/image_2.jpg\" \/>\n\t<meta property=\"og:image:width\" content=\"785\" \/>\n\t<meta property=\"og:image:height\" content=\"613\" \/>\n\t<meta property=\"og:image:type\" content=\"image\/jpeg\" \/>\n<meta name=\"twitter:card\" content=\"summary_large_image\" \/>\n<script type=\"application\/ld+json\" class=\"yoast-schema-graph\">{\"@context\":\"https:\/\/schema.org\",\"@graph\":[{\"@type\":\"Organization\",\"@id\":\"https:\/\/besafesuite.com\/besaferate\/#organization\",\"name\":\"BeSafe Rate\",\"url\":\"https:\/\/besafesuite.com\/besaferate\/\",\"sameAs\":[\"https:\/\/www.facebook.com\/besaferate\/\",\"https:\/\/www.instagram.com\/besaferate\/\",\"https:\/\/www.linkedin.com\/company\/besafesuitebesaferate\",\"https:\/\/www.youtube.com\/channel\/UCH7p4G7FU4ps2Jyby8HAomQ\"],\"logo\":{\"@type\":\"ImageObject\",\"@id\":\"https:\/\/besafesuite.com\/besaferate\/#logo\",\"inLanguage\":\"fr-FR\",\"url\":\"https:\/\/besafesuite.com\/besaferate\/wp-content\/uploads\/sites\/2\/2021\/09\/cropped-Rate.png\",\"contentUrl\":\"https:\/\/besafesuite.com\/besaferate\/wp-content\/uploads\/sites\/2\/2021\/09\/cropped-Rate.png\",\"width\":512,\"height\":512,\"caption\":\"BeSafe Rate\"},\"image\":{\"@id\":\"https:\/\/besafesuite.com\/besaferate\/#logo\"}},{\"@type\":\"WebSite\",\"@id\":\"https:\/\/besafesuite.com\/besaferate\/#website\",\"url\":\"https:\/\/besafesuite.com\/besaferate\/\",\"name\":\"BeSafe Rate\",\"description\":\"\",\"publisher\":{\"@id\":\"https:\/\/besafesuite.com\/besaferate\/#organization\"},\"potentialAction\":[{\"@type\":\"SearchAction\",\"target\":{\"@type\":\"EntryPoint\",\"urlTemplate\":\"https:\/\/besafesuite.com\/besaferate\/?s={search_term_string}\"},\"query-input\":\"required name=search_term_string\"}],\"inLanguage\":\"fr-FR\"},{\"@type\":\"WebPage\",\"@id\":\"https:\/\/besafesuite.com\/besaferate\/fr\/homepage\/avis-hoteliers\/#webpage\",\"url\":\"https:\/\/besafesuite.com\/besaferate\/fr\/homepage\/avis-hoteliers\/\",\"name\":\"Commentaires d'h\u00f4teliers ayant utilis\u00e9 le service | BeSafe Rate\",\"isPartOf\":{\"@id\":\"https:\/\/besafesuite.com\/besaferate\/#website\"},\"datePublished\":\"2021-10-08T09:27:10+00:00\",\"dateModified\":\"2022-08-19T12:16:15+00:00\",\"description\":\"Commentaires de nos clients h\u00f4teliers qui ont profit\u00e9 de l'assurance pr\u00e9pay\u00e9e BeSafe Rate. En savoir plus !\",\"breadcrumb\":{\"@id\":\"https:\/\/besafesuite.com\/besaferate\/fr\/homepage\/avis-hoteliers\/#breadcrumb\"},\"inLanguage\":\"fr-FR\",\"potentialAction\":[{\"@type\":\"ReadAction\",\"target\":[\"https:\/\/besafesuite.com\/besaferate\/fr\/homepage\/avis-hoteliers\/\"]}]},{\"@type\":\"BreadcrumbList\",\"@id\":\"https:\/\/besafesuite.com\/besaferate\/fr\/homepage\/avis-hoteliers\/#breadcrumb\",\"itemListElement\":[{\"@type\":\"ListItem\",\"position\":1,\"name\":\"Home\",\"item\":\"https:\/\/besafesuite.com\/besaferate\/fr\/\"},{\"@type\":\"ListItem\",\"position\":2,\"name\":\"BeSafe Rate: Tarif pr\u00e9pay\u00e9 avec assurance voyage incluse\",\"item\":\"https:\/\/besafesuite.com\/besaferate\/fr\/\"},{\"@type\":\"ListItem\",\"position\":3,\"name\":\"Les avis des h\u00f4teliers\"}]}]}<\/script>\n<!-- \/ Yoast SEO Premium plugin. -->","yoast_head_json":{"title":"Commentaires d'h\u00f4teliers ayant utilis\u00e9 le service | BeSafe Rate","description":"Commentaires de nos clients h\u00f4teliers qui ont profit\u00e9 de l'assurance pr\u00e9pay\u00e9e BeSafe Rate. En savoir plus !","robots":{"index":"index","follow":"follow","max-snippet":"max-snippet:-1","max-image-preview":"max-image-preview:large","max-video-preview":"max-video-preview:-1"},"canonical":"https:\/\/besafesuite.com\/besaferate\/fr\/homepage\/avis-hoteliers\/","og_locale":"fr_FR","og_type":"article","og_title":"Les avis des h\u00f4teliers","og_description":"Commentaires de nos clients h\u00f4teliers qui ont profit\u00e9 de l'assurance pr\u00e9pay\u00e9e BeSafe Rate. En savoir plus !","og_url":"https:\/\/besafesuite.com\/besaferate\/fr\/homepage\/avis-hoteliers\/","og_site_name":"BeSafe Rate","article_publisher":"https:\/\/www.facebook.com\/besaferate\/","article_modified_time":"2022-08-19T12:16:15+00:00","og_image":[{"width":785,"height":613,"url":"https:\/\/besafesuite.com\/besaferate\/wp-content\/uploads\/sites\/2\/2021\/09\/image_2.jpg","type":"image\/jpeg"}],"twitter_card":"summary_large_image","schema":{"@context":"https:\/\/schema.org","@graph":[{"@type":"Organization","@id":"https:\/\/besafesuite.com\/besaferate\/#organization","name":"BeSafe Rate","url":"https:\/\/besafesuite.com\/besaferate\/","sameAs":["https:\/\/www.facebook.com\/besaferate\/","https:\/\/www.instagram.com\/besaferate\/","https:\/\/www.linkedin.com\/company\/besafesuitebesaferate","https:\/\/www.youtube.com\/channel\/UCH7p4G7FU4ps2Jyby8HAomQ"],"logo":{"@type":"ImageObject","@id":"https:\/\/besafesuite.com\/besaferate\/#logo","inLanguage":"fr-FR","url":"https:\/\/besafesuite.com\/besaferate\/wp-content\/uploads\/sites\/2\/2021\/09\/cropped-Rate.png","contentUrl":"https:\/\/besafesuite.com\/besaferate\/wp-content\/uploads\/sites\/2\/2021\/09\/cropped-Rate.png","width":512,"height":512,"caption":"BeSafe Rate"},"image":{"@id":"https:\/\/besafesuite.com\/besaferate\/#logo"}},{"@type":"WebSite","@id":"https:\/\/besafesuite.com\/besaferate\/#website","url":"https:\/\/besafesuite.com\/besaferate\/","name":"BeSafe Rate","description":"","publisher":{"@id":"https:\/\/besafesuite.com\/besaferate\/#organization"},"potentialAction":[{"@type":"SearchAction","target":{"@type":"EntryPoint","urlTemplate":"https:\/\/besafesuite.com\/besaferate\/?s={search_term_string}"},"query-input":"required name=search_term_string"}],"inLanguage":"fr-FR"},{"@type":"WebPage","@id":"https:\/\/besafesuite.com\/besaferate\/fr\/homepage\/avis-hoteliers\/#webpage","url":"https:\/\/besafesuite.com\/besaferate\/fr\/homepage\/avis-hoteliers\/","name":"Commentaires d'h\u00f4teliers ayant utilis\u00e9 le service | BeSafe Rate","isPartOf":{"@id":"https:\/\/besafesuite.com\/besaferate\/#website"},"datePublished":"2021-10-08T09:27:10+00:00","dateModified":"2022-08-19T12:16:15+00:00","description":"Commentaires de nos clients h\u00f4teliers qui ont profit\u00e9 de l'assurance pr\u00e9pay\u00e9e BeSafe Rate. En savoir plus !","breadcrumb":{"@id":"https:\/\/besafesuite.com\/besaferate\/fr\/homepage\/avis-hoteliers\/#breadcrumb"},"inLanguage":"fr-FR","potentialAction":[{"@type":"ReadAction","target":["https:\/\/besafesuite.com\/besaferate\/fr\/homepage\/avis-hoteliers\/"]}]},{"@type":"BreadcrumbList","@id":"https:\/\/besafesuite.com\/besaferate\/fr\/homepage\/avis-hoteliers\/#breadcrumb","itemListElement":[{"@type":"ListItem","position":1,"name":"Home","item":"https:\/\/besafesuite.com\/besaferate\/fr\/"},{"@type":"ListItem","position":2,"name":"BeSafe Rate: Tarif pr\u00e9pay\u00e9 avec assurance voyage incluse","item":"https:\/\/besafesuite.com\/besaferate\/fr\/"},{"@type":"ListItem","position":3,"name":"Les avis des h\u00f4teliers"}]}]}},"acf":{"page_builder":[{"acf_fc_layout":"block_generic_text","section":{"s_visibility":false,"s_id":"","s_pdg_top":"2x","s_pdg_bottom":"2x","s_bg_color":"no","s_decoration":""},"generic_text":{"subtitle":"","title":"Ce que pensent les propri\u00e9taires d\u2019h\u00e9bergements de vacances","text":"<p><span style=\"font-weight: 400\">Les avis et commentaires de nos clients qui ont inclus dans leurs <\/span><a href=\"https:\/\/besafesuite.com\/il-revenue-management-strategie-e-attivita\/\"><b>Strat\u00e9gies de Revenu<\/b><\/a><span style=\"font-weight: 400\"> le Tarif Pr\u00e9pay\u00e9 Assur\u00e9 <\/span><a href=\"https:\/\/besafesuite.com\/besaferate\/\"><span style=\"font-weight: 400\">BeSafe Rate<\/span><\/a><span style=\"font-weight: 400\">. URejoignez \u00e9galement de nombreux h\u00f4teliers satisfaits <\/b><span style=\"font-weight: 400\">!<\/span><\/p>\n"}},{"acf_fc_layout":"block_reviews","section":{"s_visibility":false,"s_id":"","s_pdg_top":"1x","s_pdg_bottom":"1x","s_bg_color":"no","s_decoration":""},"reviews":{"query_reviews":"rate-alb","query_reviews_posts_per_page":"-1","subtitle":"","title":"","text":"","blocks_video":[{"video_image":{"ID":2828,"id":2828,"title":"Alessandro Leder - Solo Affitti Brevi","filename":"3-e1645012123351.png","filesize":221414,"url":"https:\/\/besafesuite.com\/besaferate\/wp-content\/uploads\/sites\/2\/2022\/01\/3-e1645012123351.png","link":"https:\/\/besafesuite.com\/besaferate\/fr\/homepage\/3-2\/","alt":"","author":"11","description":"","caption":"","name":"3-2","status":"inherit","uploaded_to":2780,"date":"2022-01-03 16:18:04","modified":"2022-01-03 16:18:04","menu_order":0,"mime_type":"image\/png","type":"image","subtype":"png","icon":"https:\/\/besafesuite.com\/besaferate\/wp-includes\/images\/media\/default.png","width":500,"height":346,"sizes":{"thumbnail":"https:\/\/besafesuite.com\/besaferate\/wp-content\/uploads\/sites\/2\/2022\/01\/3-150x150.png","thumbnail-width":150,"thumbnail-height":150,"medium":"https:\/\/besafesuite.com\/besaferate\/wp-content\/uploads\/sites\/2\/2022\/01\/3-300x208.png","medium-width":300,"medium-height":208,"medium_large":"https:\/\/besafesuite.com\/besaferate\/wp-content\/uploads\/sites\/2\/2022\/01\/3-768x532.png","medium_large-width":768,"medium_large-height":532,"large":"https:\/\/besafesuite.com\/besaferate\/wp-content\/uploads\/sites\/2\/2022\/01\/3-1024x709.png","large-width":1024,"large-height":709,"1536x1536":"https:\/\/besafesuite.com\/besaferate\/wp-content\/uploads\/sites\/2\/2022\/01\/3-e1645012123351.png","1536x1536-width":500,"1536x1536-height":346,"2048x2048":"https:\/\/besafesuite.com\/besaferate\/wp-content\/uploads\/sites\/2\/2022\/01\/3-e1645012123351.png","2048x2048-width":500,"2048x2048-height":346}},"video_url":"https:\/\/youtu.be\/bOVVzycW6Ew"},{"video_image":{"ID":2829,"id":2829,"title":"Gustavo De Donno - Baia di Gallipoli","filename":"2-e1645012103918.png","filesize":236633,"url":"https:\/\/besafesuite.com\/besaferate\/wp-content\/uploads\/sites\/2\/2022\/01\/2-e1645012103918.png","link":"https:\/\/besafesuite.com\/besaferate\/fr\/homepage\/2-2\/","alt":"","author":"11","description":"","caption":"","name":"2-2","status":"inherit","uploaded_to":2780,"date":"2022-01-03 16:18:24","modified":"2022-01-03 16:18:24","menu_order":0,"mime_type":"image\/png","type":"image","subtype":"png","icon":"https:\/\/besafesuite.com\/besaferate\/wp-includes\/images\/media\/default.png","width":500,"height":346,"sizes":{"thumbnail":"https:\/\/besafesuite.com\/besaferate\/wp-content\/uploads\/sites\/2\/2022\/01\/2-150x150.png","thumbnail-width":150,"thumbnail-height":150,"medium":"https:\/\/besafesuite.com\/besaferate\/wp-content\/uploads\/sites\/2\/2022\/01\/2-300x208.png","medium-width":300,"medium-height":208,"medium_large":"https:\/\/besafesuite.com\/besaferate\/wp-content\/uploads\/sites\/2\/2022\/01\/2-768x532.png","medium_large-width":768,"medium_large-height":532,"large":"https:\/\/besafesuite.com\/besaferate\/wp-content\/uploads\/sites\/2\/2022\/01\/2-1024x709.png","large-width":1024,"large-height":709,"1536x1536":"https:\/\/besafesuite.com\/besaferate\/wp-content\/uploads\/sites\/2\/2022\/01\/2-e1645012103918.png","1536x1536-width":500,"1536x1536-height":346,"2048x2048":"https:\/\/besafesuite.com\/besaferate\/wp-content\/uploads\/sites\/2\/2022\/01\/2-e1645012103918.png","2048x2048-width":500,"2048x2048-height":346}},"video_url":"https:\/\/youtu.be\/XXIkxN8QeQ8"},{"video_image":{"ID":2827,"id":2827,"title":"Matteo Traldi","filename":"Progetto-senza-titolo-2-e1645012133709.png","filesize":390988,"url":"https:\/\/besafesuite.com\/besaferate\/wp-content\/uploads\/sites\/2\/2022\/01\/Progetto-senza-titolo-2-e1645012133709.png","link":"https:\/\/besafesuite.com\/besaferate\/fr\/homepage\/progetto-senza-titolo-2-2\/","alt":"","author":"11","description":"","caption":"","name":"progetto-senza-titolo-2-2","status":"inherit","uploaded_to":2780,"date":"2022-01-03 14:50:16","modified":"2022-01-03 14:50:16","menu_order":0,"mime_type":"image\/png","type":"image","subtype":"png","icon":"https:\/\/besafesuite.com\/besaferate\/wp-includes\/images\/media\/default.png","width":500,"height":346,"sizes":{"thumbnail":"https:\/\/besafesuite.com\/besaferate\/wp-content\/uploads\/sites\/2\/2022\/01\/Progetto-senza-titolo-2-150x150.png","thumbnail-width":150,"thumbnail-height":150,"medium":"https:\/\/besafesuite.com\/besaferate\/wp-content\/uploads\/sites\/2\/2022\/01\/Progetto-senza-titolo-2-300x208.png","medium-width":300,"medium-height":208,"medium_large":"https:\/\/besafesuite.com\/besaferate\/wp-content\/uploads\/sites\/2\/2022\/01\/Progetto-senza-titolo-2-768x532.png","medium_large-width":768,"medium_large-height":532,"large":"https:\/\/besafesuite.com\/besaferate\/wp-content\/uploads\/sites\/2\/2022\/01\/Progetto-senza-titolo-2-1024x709.png","large-width":1024,"large-height":709,"1536x1536":"https:\/\/besafesuite.com\/besaferate\/wp-content\/uploads\/sites\/2\/2022\/01\/Progetto-senza-titolo-2-e1645012133709.png","1536x1536-width":500,"1536x1536-height":346,"2048x2048":"https:\/\/besafesuite.com\/besaferate\/wp-content\/uploads\/sites\/2\/2022\/01\/Progetto-senza-titolo-2-e1645012133709.png","2048x2048-width":500,"2048x2048-height":346}},"video_url":"https:\/\/youtu.be\/4uZdPJAfRP8"},{"video_image":{"ID":2830,"id":2830,"title":"Angelo La Riccia - Voi Hotels","filename":"4-e1645012091104.png","filesize":241947,"url":"https:\/\/besafesuite.com\/besaferate\/wp-content\/uploads\/sites\/2\/2022\/01\/4-e1645012091104.png","link":"https:\/\/besafesuite.com\/besaferate\/fr\/homepage\/4-2\/","alt":"","author":"11","description":"","caption":"","name":"4-2","status":"inherit","uploaded_to":2780,"date":"2022-01-03 16:18:46","modified":"2022-01-03 16:18:46","menu_order":0,"mime_type":"image\/png","type":"image","subtype":"png","icon":"https:\/\/besafesuite.com\/besaferate\/wp-includes\/images\/media\/default.png","width":500,"height":346,"sizes":{"thumbnail":"https:\/\/besafesuite.com\/besaferate\/wp-content\/uploads\/sites\/2\/2022\/01\/4-150x150.png","thumbnail-width":150,"thumbnail-height":150,"medium":"https:\/\/besafesuite.com\/besaferate\/wp-content\/uploads\/sites\/2\/2022\/01\/4-300x208.png","medium-width":300,"medium-height":208,"medium_large":"https:\/\/besafesuite.com\/besaferate\/wp-content\/uploads\/sites\/2\/2022\/01\/4-768x532.png","medium_large-width":768,"medium_large-height":532,"large":"https:\/\/besafesuite.com\/besaferate\/wp-content\/uploads\/sites\/2\/2022\/01\/4-1024x709.png","large-width":1024,"large-height":709,"1536x1536":"https:\/\/besafesuite.com\/besaferate\/wp-content\/uploads\/sites\/2\/2022\/01\/4-e1645012091104.png","1536x1536-width":500,"1536x1536-height":346,"2048x2048":"https:\/\/besafesuite.com\/besaferate\/wp-content\/uploads\/sites\/2\/2022\/01\/4-e1645012091104.png","2048x2048-width":500,"2048x2048-height":346}},"video_url":"https:\/\/youtu.be\/ppOLaxuewrU"}]}}],"hero_visibility":false,"custom_css":""},"_links":{"self":[{"href":"https:\/\/besafesuite.com\/besaferate\/fr\/wp-json\/wp\/v2\/pages\/2877"}],"collection":[{"href":"https:\/\/besafesuite.com\/besaferate\/fr\/wp-json\/wp\/v2\/pages"}],"about":[{"href":"https:\/\/besafesuite.com\/besaferate\/fr\/wp-json\/wp\/v2\/types\/page"}],"author":[{"embeddable":true,"href":"https:\/\/besafesuite.com\/besaferate\/fr\/wp-json\/wp\/v2\/users\/2"}],"replies":[{"embeddable":true,"href":"https:\/\/besafesuite.com\/besaferate\/fr\/wp-json\/wp\/v2\/comments?post=2877"}],"version-history":[{"count":2,"href":"https:\/\/besafesuite.com\/besaferate\/fr\/wp-json\/wp\/v2\/pages\/2877\/revisions"}],"predecessor-version":[{"id":2880,"href":"https:\/\/besafesuite.com\/besaferate\/fr\/wp-json\/wp\/v2\/pages\/2877\/revisions\/2880"}],"up":[{"embeddable":true,"href":"https:\/\/besafesuite.com\/besaferate\/fr\/wp-json\/wp\/v2\/pages\/2780"}],"wp:attachment":[{"href":"https:\/\/besafesuite.com\/besaferate\/fr\/wp-json\/wp\/v2\/media?parent=2877"}],"curies":[{"name":"wp","href":"https:\/\/api.w.org\/{rel}","templated":true}]}}