{"id":2885,"date":"2021-09-07T11:32:37","date_gmt":"2021-09-07T09:32:37","guid":{"rendered":"https:\/\/besafesuite.com\/besaferate\/tariffa-assicurata-hotel\/aiuto\/"},"modified":"2022-08-19T15:12:44","modified_gmt":"2022-08-19T13:12:44","slug":"aide-hoteliers","status":"publish","type":"page","link":"https:\/\/besafesuite.com\/besaferate\/fr\/homepage\/aide-hoteliers\/","title":{"rendered":"FAQ H\u00f4teliers"},"content":{"rendered":"","protected":false},"excerpt":{"rendered":"","protected":false},"author":2,"featured_media":0,"parent":2780,"menu_order":28,"comment_status":"closed","ping_status":"closed","template":"template-faqs-albergatore.php","meta":[],"yoast_head":"<!-- This site is optimized with the Yoast SEO Premium plugin v18.1 (Yoast SEO v18.3) - https:\/\/yoast.com\/wordpress\/plugins\/seo\/ -->\n<title>Foire aux questions (FAQ) pos\u00e9es par les h\u00f4teliers - BeSafe Rate<\/title>\n<meta name=\"description\" content=\"Toutes les FAQ sur les prestations, l&#039;enregistrement des services, les co\u00fbts, les remboursements et la gestion des tarifs BeSafe.\" \/>\n<meta name=\"robots\" content=\"index, follow, max-snippet:-1, max-image-preview:large, max-video-preview:-1\" \/>\n<link rel=\"canonical\" href=\"https:\/\/besafesuite.com\/besaferate\/fr\/homepage\/aide-hoteliers\/\" \/>\n<meta property=\"og:locale\" content=\"fr_FR\" \/>\n<meta property=\"og:type\" content=\"article\" \/>\n<meta property=\"og:title\" content=\"FAQ H\u00f4teliers\" \/>\n<meta property=\"og:description\" content=\"Toutes les FAQ sur les prestations, l&#039;enregistrement des services, les co\u00fbts, les remboursements et la gestion des tarifs BeSafe.\" \/>\n<meta property=\"og:url\" content=\"https:\/\/besafesuite.com\/besaferate\/fr\/homepage\/aide-hoteliers\/\" \/>\n<meta property=\"og:site_name\" content=\"BeSafe Rate\" \/>\n<meta property=\"article:publisher\" content=\"https:\/\/www.facebook.com\/besaferate\/\" \/>\n<meta property=\"article:modified_time\" content=\"2022-08-19T13:12:44+00:00\" \/>\n<meta property=\"og:image\" content=\"https:\/\/besafesuite.com\/besaferate\/wp-content\/uploads\/sites\/2\/2021\/09\/image_2.jpg\" \/>\n\t<meta property=\"og:image:width\" content=\"785\" \/>\n\t<meta property=\"og:image:height\" content=\"613\" \/>\n\t<meta property=\"og:image:type\" content=\"image\/jpeg\" \/>\n<meta name=\"twitter:card\" content=\"summary_large_image\" \/>\n<script type=\"application\/ld+json\" class=\"yoast-schema-graph\">{\"@context\":\"https:\/\/schema.org\",\"@graph\":[{\"@type\":\"Organization\",\"@id\":\"https:\/\/besafesuite.com\/besaferate\/#organization\",\"name\":\"BeSafe Rate\",\"url\":\"https:\/\/besafesuite.com\/besaferate\/\",\"sameAs\":[\"https:\/\/www.facebook.com\/besaferate\/\",\"https:\/\/www.instagram.com\/besaferate\/\",\"https:\/\/www.linkedin.com\/company\/besafesuitebesaferate\",\"https:\/\/www.youtube.com\/channel\/UCH7p4G7FU4ps2Jyby8HAomQ\"],\"logo\":{\"@type\":\"ImageObject\",\"@id\":\"https:\/\/besafesuite.com\/besaferate\/#logo\",\"inLanguage\":\"fr-FR\",\"url\":\"https:\/\/besafesuite.com\/besaferate\/wp-content\/uploads\/sites\/2\/2021\/09\/cropped-Rate.png\",\"contentUrl\":\"https:\/\/besafesuite.com\/besaferate\/wp-content\/uploads\/sites\/2\/2021\/09\/cropped-Rate.png\",\"width\":512,\"height\":512,\"caption\":\"BeSafe Rate\"},\"image\":{\"@id\":\"https:\/\/besafesuite.com\/besaferate\/#logo\"}},{\"@type\":\"WebSite\",\"@id\":\"https:\/\/besafesuite.com\/besaferate\/#website\",\"url\":\"https:\/\/besafesuite.com\/besaferate\/\",\"name\":\"BeSafe Rate\",\"description\":\"\",\"publisher\":{\"@id\":\"https:\/\/besafesuite.com\/besaferate\/#organization\"},\"potentialAction\":[{\"@type\":\"SearchAction\",\"target\":{\"@type\":\"EntryPoint\",\"urlTemplate\":\"https:\/\/besafesuite.com\/besaferate\/?s={search_term_string}\"},\"query-input\":\"required name=search_term_string\"}],\"inLanguage\":\"fr-FR\"},{\"@type\":\"WebPage\",\"@id\":\"https:\/\/besafesuite.com\/besaferate\/fr\/homepage\/aide-hoteliers\/#webpage\",\"url\":\"https:\/\/besafesuite.com\/besaferate\/fr\/homepage\/aide-hoteliers\/\",\"name\":\"Foire aux questions (FAQ) pos\u00e9es par les h\u00f4teliers - BeSafe Rate\",\"isPartOf\":{\"@id\":\"https:\/\/besafesuite.com\/besaferate\/#website\"},\"datePublished\":\"2021-09-07T09:32:37+00:00\",\"dateModified\":\"2022-08-19T13:12:44+00:00\",\"description\":\"Toutes les FAQ sur les prestations, l'enregistrement des services, les co\u00fbts, les remboursements et la gestion des tarifs BeSafe.\",\"breadcrumb\":{\"@id\":\"https:\/\/besafesuite.com\/besaferate\/fr\/homepage\/aide-hoteliers\/#breadcrumb\"},\"inLanguage\":\"fr-FR\",\"potentialAction\":[{\"@type\":\"ReadAction\",\"target\":[\"https:\/\/besafesuite.com\/besaferate\/fr\/homepage\/aide-hoteliers\/\"]}]},{\"@type\":\"BreadcrumbList\",\"@id\":\"https:\/\/besafesuite.com\/besaferate\/fr\/homepage\/aide-hoteliers\/#breadcrumb\",\"itemListElement\":[{\"@type\":\"ListItem\",\"position\":1,\"name\":\"Home\",\"item\":\"https:\/\/besafesuite.com\/besaferate\/fr\/\"},{\"@type\":\"ListItem\",\"position\":2,\"name\":\"BeSafe Rate: Tarif pr\u00e9pay\u00e9 avec assurance voyage incluse\",\"item\":\"https:\/\/besafesuite.com\/besaferate\/fr\/\"},{\"@type\":\"ListItem\",\"position\":3,\"name\":\"FAQ H\u00f4teliers\"}]}]}<\/script>\n<!-- \/ Yoast SEO Premium plugin. -->","yoast_head_json":{"title":"Foire aux questions (FAQ) pos\u00e9es par les h\u00f4teliers - BeSafe Rate","description":"Toutes les FAQ sur les prestations, l'enregistrement des services, les co\u00fbts, les remboursements et la gestion des tarifs BeSafe.","robots":{"index":"index","follow":"follow","max-snippet":"max-snippet:-1","max-image-preview":"max-image-preview:large","max-video-preview":"max-video-preview:-1"},"canonical":"https:\/\/besafesuite.com\/besaferate\/fr\/homepage\/aide-hoteliers\/","og_locale":"fr_FR","og_type":"article","og_title":"FAQ H\u00f4teliers","og_description":"Toutes les FAQ sur les prestations, l'enregistrement des services, les co\u00fbts, les remboursements et la gestion des tarifs BeSafe.","og_url":"https:\/\/besafesuite.com\/besaferate\/fr\/homepage\/aide-hoteliers\/","og_site_name":"BeSafe Rate","article_publisher":"https:\/\/www.facebook.com\/besaferate\/","article_modified_time":"2022-08-19T13:12:44+00:00","og_image":[{"width":785,"height":613,"url":"https:\/\/besafesuite.com\/besaferate\/wp-content\/uploads\/sites\/2\/2021\/09\/image_2.jpg","type":"image\/jpeg"}],"twitter_card":"summary_large_image","schema":{"@context":"https:\/\/schema.org","@graph":[{"@type":"Organization","@id":"https:\/\/besafesuite.com\/besaferate\/#organization","name":"BeSafe Rate","url":"https:\/\/besafesuite.com\/besaferate\/","sameAs":["https:\/\/www.facebook.com\/besaferate\/","https:\/\/www.instagram.com\/besaferate\/","https:\/\/www.linkedin.com\/company\/besafesuitebesaferate","https:\/\/www.youtube.com\/channel\/UCH7p4G7FU4ps2Jyby8HAomQ"],"logo":{"@type":"ImageObject","@id":"https:\/\/besafesuite.com\/besaferate\/#logo","inLanguage":"fr-FR","url":"https:\/\/besafesuite.com\/besaferate\/wp-content\/uploads\/sites\/2\/2021\/09\/cropped-Rate.png","contentUrl":"https:\/\/besafesuite.com\/besaferate\/wp-content\/uploads\/sites\/2\/2021\/09\/cropped-Rate.png","width":512,"height":512,"caption":"BeSafe Rate"},"image":{"@id":"https:\/\/besafesuite.com\/besaferate\/#logo"}},{"@type":"WebSite","@id":"https:\/\/besafesuite.com\/besaferate\/#website","url":"https:\/\/besafesuite.com\/besaferate\/","name":"BeSafe Rate","description":"","publisher":{"@id":"https:\/\/besafesuite.com\/besaferate\/#organization"},"potentialAction":[{"@type":"SearchAction","target":{"@type":"EntryPoint","urlTemplate":"https:\/\/besafesuite.com\/besaferate\/?s={search_term_string}"},"query-input":"required name=search_term_string"}],"inLanguage":"fr-FR"},{"@type":"WebPage","@id":"https:\/\/besafesuite.com\/besaferate\/fr\/homepage\/aide-hoteliers\/#webpage","url":"https:\/\/besafesuite.com\/besaferate\/fr\/homepage\/aide-hoteliers\/","name":"Foire aux questions (FAQ) pos\u00e9es par les h\u00f4teliers - BeSafe Rate","isPartOf":{"@id":"https:\/\/besafesuite.com\/besaferate\/#website"},"datePublished":"2021-09-07T09:32:37+00:00","dateModified":"2022-08-19T13:12:44+00:00","description":"Toutes les FAQ sur les prestations, l'enregistrement des services, les co\u00fbts, les remboursements et la gestion des tarifs BeSafe.","breadcrumb":{"@id":"https:\/\/besafesuite.com\/besaferate\/fr\/homepage\/aide-hoteliers\/#breadcrumb"},"inLanguage":"fr-FR","potentialAction":[{"@type":"ReadAction","target":["https:\/\/besafesuite.com\/besaferate\/fr\/homepage\/aide-hoteliers\/"]}]},{"@type":"BreadcrumbList","@id":"https:\/\/besafesuite.com\/besaferate\/fr\/homepage\/aide-hoteliers\/#breadcrumb","itemListElement":[{"@type":"ListItem","position":1,"name":"Home","item":"https:\/\/besafesuite.com\/besaferate\/fr\/"},{"@type":"ListItem","position":2,"name":"BeSafe Rate: Tarif pr\u00e9pay\u00e9 avec assurance voyage incluse","item":"https:\/\/besafesuite.com\/besaferate\/fr\/"},{"@type":"ListItem","position":3,"name":"FAQ H\u00f4teliers"}]}]}},"acf":{"faqs_archive_description":"<p><span style=\"font-weight: 400\">Notre <\/span><a href=\"https:\/\/besafesuite.com\/team\/\"><b>Team<\/b><\/a><span style=\"font-weight: 400\"> d&rsquo;experts a rassembl\u00e9 et s\u00e9lectionn\u00e9 avec soin les questions les plus fr\u00e9quemment pos\u00e9es sur le service <\/span><a href=\"https:\/\/besafesuite.com\/besaferate\/\"><b>BeSafe Rate<\/b><\/a><span style=\"font-weight: 400\">. Cela nous a permis de cr\u00e9er cette section, sp\u00e9cialement con\u00e7ue pour clarifier les <\/span><b><i>doutes et fournir des informations suppl\u00e9mentaires<\/i><\/b><span style=\"font-weight: 400\"> sur notre service.<\/span><\/p>\n<p><span style=\"font-weight: 400\">Si vous \u00eates d\u00e9j\u00e0 l&rsquo;un de nos clients ou si vous souhaitez le devenir, nous vous invitons \u00e0 parcourir les <\/span><b>FAQ<\/b><span style=\"font-weight: 400\"> ci-dessous. Choisissez la cat\u00e9gorie qui vous int\u00e9resse le plus et suivez le lien associ\u00e9 pour afficher toutes les questions associ\u00e9es \u00e0 la cat\u00e9gorie s\u00e9lectionn\u00e9e.<\/span><\/p>\n","faqs_archive_title":"Questions fr\u00e9quemment pos\u00e9es par les propri\u00e9taires de logements","hero_visibility":false,"faqs_archive_loop_title":"Scegli la categoria che ti interessa","custom_css":""},"_links":{"self":[{"href":"https:\/\/besafesuite.com\/besaferate\/fr\/wp-json\/wp\/v2\/pages\/2885"}],"collection":[{"href":"https:\/\/besafesuite.com\/besaferate\/fr\/wp-json\/wp\/v2\/pages"}],"about":[{"href":"https:\/\/besafesuite.com\/besaferate\/fr\/wp-json\/wp\/v2\/types\/page"}],"author":[{"embeddable":true,"href":"https:\/\/besafesuite.com\/besaferate\/fr\/wp-json\/wp\/v2\/users\/2"}],"replies":[{"embeddable":true,"href":"https:\/\/besafesuite.com\/besaferate\/fr\/wp-json\/wp\/v2\/comments?post=2885"}],"version-history":[{"count":2,"href":"https:\/\/besafesuite.com\/besaferate\/fr\/wp-json\/wp\/v2\/pages\/2885\/revisions"}],"predecessor-version":[{"id":2888,"href":"https:\/\/besafesuite.com\/besaferate\/fr\/wp-json\/wp\/v2\/pages\/2885\/revisions\/2888"}],"up":[{"embeddable":true,"href":"https:\/\/besafesuite.com\/besaferate\/fr\/wp-json\/wp\/v2\/pages\/2780"}],"wp:attachment":[{"href":"https:\/\/besafesuite.com\/besaferate\/fr\/wp-json\/wp\/v2\/media?parent=2885"}],"curies":[{"name":"wp","href":"https:\/\/api.w.org\/{rel}","templated":true}]}}