{"id":2969,"date":"2022-02-15T16:07:26","date_gmt":"2022-02-15T15:07:26","guid":{"rendered":"https:\/\/besafesuite.com\/besaferate\/mission\/"},"modified":"2022-08-18T17:02:17","modified_gmt":"2022-08-18T15:02:17","slug":"mission","status":"publish","type":"page","link":"https:\/\/besafesuite.com\/besaferate\/fr\/mission\/","title":{"rendered":"Les valeurs et la mission qui sous-tendent nos solutions technologiques"},"content":{"rendered":"","protected":false},"excerpt":{"rendered":"","protected":false},"author":11,"featured_media":0,"parent":0,"menu_order":3,"comment_status":"closed","ping_status":"closed","template":"","meta":[],"yoast_head":"<!-- This site is optimized with the Yoast SEO Premium plugin v18.1 (Yoast SEO v18.3) - https:\/\/yoast.com\/wordpress\/plugins\/seo\/ -->\n<title>Valeurs et mission \u00e0 la base de nos solutions - BeSafe Rate<\/title>\n<meta name=\"description\" content=\"Assurer les revenus des h\u00f4teliers par la protection de leurs clients : comment naissent les services techniques de Besafe. En savoir plus !\" \/>\n<meta name=\"robots\" content=\"index, follow, max-snippet:-1, max-image-preview:large, max-video-preview:-1\" \/>\n<link rel=\"canonical\" href=\"https:\/\/besafesuite.com\/besaferate\/fr\/mission\/\" \/>\n<meta property=\"og:locale\" content=\"fr_FR\" \/>\n<meta property=\"og:type\" content=\"article\" \/>\n<meta property=\"og:title\" content=\"Les valeurs et la mission qui sous-tendent nos solutions technologiques\" \/>\n<meta property=\"og:description\" content=\"Assurer les revenus des h\u00f4teliers par la protection de leurs clients : comment naissent les services techniques de Besafe. En savoir plus !\" \/>\n<meta property=\"og:url\" content=\"https:\/\/besafesuite.com\/besaferate\/fr\/mission\/\" \/>\n<meta property=\"og:site_name\" content=\"BeSafe Rate\" \/>\n<meta property=\"article:publisher\" content=\"https:\/\/www.facebook.com\/besaferate\/\" \/>\n<meta property=\"article:modified_time\" content=\"2022-08-18T15:02:17+00:00\" \/>\n<meta property=\"og:image\" content=\"https:\/\/besafesuite.com\/besaferate\/wp-content\/uploads\/sites\/2\/2021\/09\/image_2.jpg\" \/>\n\t<meta property=\"og:image:width\" content=\"785\" \/>\n\t<meta property=\"og:image:height\" content=\"613\" \/>\n\t<meta property=\"og:image:type\" content=\"image\/jpeg\" \/>\n<meta name=\"twitter:card\" content=\"summary_large_image\" \/>\n<script type=\"application\/ld+json\" class=\"yoast-schema-graph\">{\"@context\":\"https:\/\/schema.org\",\"@graph\":[{\"@type\":\"Organization\",\"@id\":\"https:\/\/besafesuite.com\/besaferate\/#organization\",\"name\":\"BeSafe Rate\",\"url\":\"https:\/\/besafesuite.com\/besaferate\/\",\"sameAs\":[\"https:\/\/www.facebook.com\/besaferate\/\",\"https:\/\/www.instagram.com\/besaferate\/\",\"https:\/\/www.linkedin.com\/company\/besafesuitebesaferate\",\"https:\/\/www.youtube.com\/channel\/UCH7p4G7FU4ps2Jyby8HAomQ\"],\"logo\":{\"@type\":\"ImageObject\",\"@id\":\"https:\/\/besafesuite.com\/besaferate\/#logo\",\"inLanguage\":\"fr-FR\",\"url\":\"https:\/\/besafesuite.com\/besaferate\/wp-content\/uploads\/sites\/2\/2021\/09\/cropped-Rate.png\",\"contentUrl\":\"https:\/\/besafesuite.com\/besaferate\/wp-content\/uploads\/sites\/2\/2021\/09\/cropped-Rate.png\",\"width\":512,\"height\":512,\"caption\":\"BeSafe Rate\"},\"image\":{\"@id\":\"https:\/\/besafesuite.com\/besaferate\/#logo\"}},{\"@type\":\"WebSite\",\"@id\":\"https:\/\/besafesuite.com\/besaferate\/#website\",\"url\":\"https:\/\/besafesuite.com\/besaferate\/\",\"name\":\"BeSafe Rate\",\"description\":\"\",\"publisher\":{\"@id\":\"https:\/\/besafesuite.com\/besaferate\/#organization\"},\"potentialAction\":[{\"@type\":\"SearchAction\",\"target\":{\"@type\":\"EntryPoint\",\"urlTemplate\":\"https:\/\/besafesuite.com\/besaferate\/?s={search_term_string}\"},\"query-input\":\"required name=search_term_string\"}],\"inLanguage\":\"fr-FR\"},{\"@type\":\"WebPage\",\"@id\":\"https:\/\/besafesuite.com\/besaferate\/fr\/mission\/#webpage\",\"url\":\"https:\/\/besafesuite.com\/besaferate\/fr\/mission\/\",\"name\":\"Valeurs et mission \u00e0 la base de nos solutions - BeSafe Rate\",\"isPartOf\":{\"@id\":\"https:\/\/besafesuite.com\/besaferate\/#website\"},\"datePublished\":\"2022-02-15T15:07:26+00:00\",\"dateModified\":\"2022-08-18T15:02:17+00:00\",\"description\":\"Assurer les revenus des h\u00f4teliers par la protection de leurs clients : comment naissent les services techniques de Besafe. En savoir plus !\",\"breadcrumb\":{\"@id\":\"https:\/\/besafesuite.com\/besaferate\/fr\/mission\/#breadcrumb\"},\"inLanguage\":\"fr-FR\",\"potentialAction\":[{\"@type\":\"ReadAction\",\"target\":[\"https:\/\/besafesuite.com\/besaferate\/fr\/mission\/\"]}]},{\"@type\":\"BreadcrumbList\",\"@id\":\"https:\/\/besafesuite.com\/besaferate\/fr\/mission\/#breadcrumb\",\"itemListElement\":[{\"@type\":\"ListItem\",\"position\":1,\"name\":\"Home\",\"item\":\"https:\/\/besafesuite.com\/besaferate\/fr\/\"},{\"@type\":\"ListItem\",\"position\":2,\"name\":\"Les valeurs et la mission qui sous-tendent nos solutions technologiques\"}]}]}<\/script>\n<!-- \/ Yoast SEO Premium plugin. -->","yoast_head_json":{"title":"Valeurs et mission \u00e0 la base de nos solutions - BeSafe Rate","description":"Assurer les revenus des h\u00f4teliers par la protection de leurs clients : comment naissent les services techniques de Besafe. En savoir plus !","robots":{"index":"index","follow":"follow","max-snippet":"max-snippet:-1","max-image-preview":"max-image-preview:large","max-video-preview":"max-video-preview:-1"},"canonical":"https:\/\/besafesuite.com\/besaferate\/fr\/mission\/","og_locale":"fr_FR","og_type":"article","og_title":"Les valeurs et la mission qui sous-tendent nos solutions technologiques","og_description":"Assurer les revenus des h\u00f4teliers par la protection de leurs clients : comment naissent les services techniques de Besafe. En savoir plus !","og_url":"https:\/\/besafesuite.com\/besaferate\/fr\/mission\/","og_site_name":"BeSafe Rate","article_publisher":"https:\/\/www.facebook.com\/besaferate\/","article_modified_time":"2022-08-18T15:02:17+00:00","og_image":[{"width":785,"height":613,"url":"https:\/\/besafesuite.com\/besaferate\/wp-content\/uploads\/sites\/2\/2021\/09\/image_2.jpg","type":"image\/jpeg"}],"twitter_card":"summary_large_image","schema":{"@context":"https:\/\/schema.org","@graph":[{"@type":"Organization","@id":"https:\/\/besafesuite.com\/besaferate\/#organization","name":"BeSafe Rate","url":"https:\/\/besafesuite.com\/besaferate\/","sameAs":["https:\/\/www.facebook.com\/besaferate\/","https:\/\/www.instagram.com\/besaferate\/","https:\/\/www.linkedin.com\/company\/besafesuitebesaferate","https:\/\/www.youtube.com\/channel\/UCH7p4G7FU4ps2Jyby8HAomQ"],"logo":{"@type":"ImageObject","@id":"https:\/\/besafesuite.com\/besaferate\/#logo","inLanguage":"fr-FR","url":"https:\/\/besafesuite.com\/besaferate\/wp-content\/uploads\/sites\/2\/2021\/09\/cropped-Rate.png","contentUrl":"https:\/\/besafesuite.com\/besaferate\/wp-content\/uploads\/sites\/2\/2021\/09\/cropped-Rate.png","width":512,"height":512,"caption":"BeSafe Rate"},"image":{"@id":"https:\/\/besafesuite.com\/besaferate\/#logo"}},{"@type":"WebSite","@id":"https:\/\/besafesuite.com\/besaferate\/#website","url":"https:\/\/besafesuite.com\/besaferate\/","name":"BeSafe Rate","description":"","publisher":{"@id":"https:\/\/besafesuite.com\/besaferate\/#organization"},"potentialAction":[{"@type":"SearchAction","target":{"@type":"EntryPoint","urlTemplate":"https:\/\/besafesuite.com\/besaferate\/?s={search_term_string}"},"query-input":"required name=search_term_string"}],"inLanguage":"fr-FR"},{"@type":"WebPage","@id":"https:\/\/besafesuite.com\/besaferate\/fr\/mission\/#webpage","url":"https:\/\/besafesuite.com\/besaferate\/fr\/mission\/","name":"Valeurs et mission \u00e0 la base de nos solutions - BeSafe Rate","isPartOf":{"@id":"https:\/\/besafesuite.com\/besaferate\/#website"},"datePublished":"2022-02-15T15:07:26+00:00","dateModified":"2022-08-18T15:02:17+00:00","description":"Assurer les revenus des h\u00f4teliers par la protection de leurs clients : comment naissent les services techniques de Besafe. En savoir plus !","breadcrumb":{"@id":"https:\/\/besafesuite.com\/besaferate\/fr\/mission\/#breadcrumb"},"inLanguage":"fr-FR","potentialAction":[{"@type":"ReadAction","target":["https:\/\/besafesuite.com\/besaferate\/fr\/mission\/"]}]},{"@type":"BreadcrumbList","@id":"https:\/\/besafesuite.com\/besaferate\/fr\/mission\/#breadcrumb","itemListElement":[{"@type":"ListItem","position":1,"name":"Home","item":"https:\/\/besafesuite.com\/besaferate\/fr\/"},{"@type":"ListItem","position":2,"name":"Les valeurs et la mission qui sous-tendent nos solutions technologiques"}]}]}},"acf":{"page_builder":[{"acf_fc_layout":"block_generic_text","section":{"s_visibility":false,"s_id":"","s_pdg_top":"2x","s_pdg_bottom":"2x","s_bg_color":"no","s_decoration":""},"generic_text":{"subtitle":"","title":"","text":"<p>Le travail de l\u2019h\u00f4telier est fait de passion et de d\u00e9vouement et chaque client satisfait est une incitation \u00e0 offrir toujours plus et toujours mieux. Cela signifie r\u00e9pondre aux diff\u00e9rents besoins que les clients expriment et \u00eatre en mesure d\u2019anticiper les services qui deviendront, un jour, des offres standard.<\/p>\n<p><a href=\"https:\/\/besafesuite.com\/besaferate\/\"><span style=\"font-weight: 400;\">BeSafe Rate<\/span><\/a> est un service cr\u00e9\u00e9 pour prot\u00e9ger tous ceux qui ont fait de l\u2019hospitalit\u00e9 leur vie. Un bouclier pour la d\u00e9fense des h\u00f4teliers et des propri\u00e9taires d\u2019h\u00e9bergements de vacances de toutes cat\u00e9gories qui peuvent prot\u00e9ger ces professionnels contre les pertes \u00e9conomiques li\u00e9es aux remboursements et aux s\u00e9jours manqu\u00e9s.<\/p>\n<h2><b>Partir des besoins<\/b><\/h2>\n<p><span style=\"font-weight: 400;\">La conscience qui a pouss\u00e9 l\u2019entreprise \u00e0 faire ses premiers pas a \u00e9t\u00e9 celle de la n\u00e9cessit\u00e9 des h\u00f4teliers de se mettre \u00e0 la place de leurs clients. Ceci afin de mieux comprendre leurs besoins et la volont\u00e9 qui en d\u00e9coule de faire converger des int\u00e9r\u00eats oppos\u00e9s sur le papier.<\/span><\/p>\n<ul>\n<li style=\"font-weight: 400;\" aria-level=\"1\"><span style=\"font-weight: 400;\">Les clients ont besoin de flexibilit\u00e9 et de garantie de protection en cas d\u2019impr\u00e9vus qui compromettent leur s\u00e9jour.<\/span><\/li>\n<li style=\"font-weight: 400;\" aria-level=\"1\"><span style=\"font-weight: 400;\">Les h\u00f4teliers ont besoin d\u2019encaissements s\u00fbrs pour d\u00e9velopper leur entreprise. Des encaissements anticip\u00e9s et surtout des encaissements garantis, m\u00eame en cas d\u2019annulation.<\/span><\/li>\n<\/ul>\n<p><span style=\"font-weight: 400;\">Nous vivons \u00e0 une \u00e9poque particuli\u00e8re o\u00f9 l\u2019incertitude a une incidence sur l\u2019organisation d\u2019un voyage. Cet aspect est devenu pour les voyageurs un \u00e9l\u00e9ment important dans le choix d\u2019une r\u00e9servation de s\u00e9jour et il est un devoir pour les h\u00f4teliers de r\u00e9pondre \u00e0 ce besoin, \u00e0 la fois pour prot\u00e9ger leurs clients et pour sauvegarder leurs revenus.<\/span><\/p>\n<p>41 % des r\u00e9servations sont annul\u00e9es \u00e0 la derni\u00e8re minute, ce qui alimente l\u2019incertitude d\u2019encaissement pour les h\u00f4teliers, et le tarif dit Non Remboursable ne garantit pas l\u2019encaissement aux h\u00e9bergements de vacances. Un client peut en effet recourir au circuit interbancaire en obtenant, souvent, le remboursement total du montant malgr\u00e9 la politique d\u2019annulation du tarif Non Remboursable, entra\u00eenant une perte pour les h\u00f4teliers.<\/p>\n<p>Comment r\u00e9pondre simultan\u00e9ment aux besoins des deux parties par une seule et m\u00eame solution ?<\/p>\n<h2><b>Le point de convergence<\/b><\/h2>\n<p><span style=\"font-weight: 400;\">C\u2019est pr\u00e9cis\u00e9ment pour r\u00e9pondre \u00e0 ces besoins que BeSafe Rate a \u00e9t\u00e9 cr\u00e9\u00e9e. La soci\u00e9t\u00e9 tech permet aux h\u00e9bergements de vacances de mettre en vente le tarif \u00e9ponyme qui inclut dans le prix du s\u00e9jour achet\u00e9 une assurance voyage en faveur des r\u00e9sidents, en sauvegardant les encaissements des h\u00f4teliers \u00e0 travers la protection de leurs clients.<\/span><\/p>\n<p>L\u2019\u00e9tablissement offre ainsi \u00e0 son client un produit capable d\u2019\u00e9liminer la gestion des remboursements. En cas d\u2019\u00e9v\u00e9nement inattendu qui compromettrait le s\u00e9jour, la Compagnie d\u2019assurance s\u2019occupera de sa gestion et de l\u2019\u00e9ventuel versement du remboursement.<\/p>\n<h2><b>Un service complet<\/b><\/h2>\n<p><span style=\"font-weight: 400;\">L\u2019entreprise est n\u00e9e pour offrir aux professionnels du secteur un service complet, innovant et polyvalent, capable de :<\/span><\/p>\n<ul>\n<li style=\"font-weight: 400;\" aria-level=\"1\">Encourager les r\u00e9servations pr\u00e9pay\u00e9es avec des encaissements anticip\u00e9s<\/li>\n<li style=\"font-weight: 400;\" aria-level=\"1\">Fournir une garantie de gain aux op\u00e9rateurs du secteur<\/li>\n<li style=\"font-weight: 400;\" aria-level=\"1\">Am\u00e9liorer les strat\u00e9gies de gestion des revenus des h\u00f4teliers<\/li>\n<li style=\"font-weight: 400;\" aria-level=\"1\">Augmenter les r\u00e9servations directes et la d\u00e9sinterm\u00e9diation<\/li>\n<li style=\"font-weight: 400;\" aria-level=\"1\">Supprimer la gestion des remboursements pour les s\u00e9jours non pris<\/li>\n<li style=\"font-weight: 400;\" aria-level=\"1\">Aider les acteurs du secteur \u00e0 g\u00e9rer les impr\u00e9vus<\/li>\n<\/ul>\n<p><span style=\"font-weight: 400;\">En prot\u00e9geant les voyageurs contre les impr\u00e9vus potentiels et en leur garantissant un remboursement en cas de non s\u00e9jour, ce tarif assure aux h\u00f4teliers des revenus anticip\u00e9s et garantis m\u00eame en cas d\u2019annulation.<\/span><\/p>\n<p><span style=\"font-weight: 400;\">De cette fa\u00e7on, un \u00e9v\u00e9nement qui se pr\u00e9senterait normalement comme une perte, donne \u00e0 l\u2019h\u00f4telier la possibilit\u00e9 de remettre en vente le m\u00eame logement et c\u2019est pourquoi BeSafe Rate est une v\u00e9ritable opportunit\u00e9 de gain.<\/span><\/p>\n"}}],"hero_visibility":false,"custom_css":""},"_links":{"self":[{"href":"https:\/\/besafesuite.com\/besaferate\/fr\/wp-json\/wp\/v2\/pages\/2969"}],"collection":[{"href":"https:\/\/besafesuite.com\/besaferate\/fr\/wp-json\/wp\/v2\/pages"}],"about":[{"href":"https:\/\/besafesuite.com\/besaferate\/fr\/wp-json\/wp\/v2\/types\/page"}],"author":[{"embeddable":true,"href":"https:\/\/besafesuite.com\/besaferate\/fr\/wp-json\/wp\/v2\/users\/11"}],"replies":[{"embeddable":true,"href":"https:\/\/besafesuite.com\/besaferate\/fr\/wp-json\/wp\/v2\/comments?post=2969"}],"version-history":[{"count":2,"href":"https:\/\/besafesuite.com\/besaferate\/fr\/wp-json\/wp\/v2\/pages\/2969\/revisions"}],"predecessor-version":[{"id":2973,"href":"https:\/\/besafesuite.com\/besaferate\/fr\/wp-json\/wp\/v2\/pages\/2969\/revisions\/2973"}],"wp:attachment":[{"href":"https:\/\/besafesuite.com\/besaferate\/fr\/wp-json\/wp\/v2\/media?parent=2969"}],"curies":[{"name":"wp","href":"https:\/\/api.w.org\/{rel}","templated":true}]}}