{"id":1175,"date":"2021-10-07T16:52:30","date_gmt":"2021-10-07T14:52:30","guid":{"rendered":"https:\/\/besafesuite.com\/besaferate\/?page_id=1175"},"modified":"2022-03-17T10:45:27","modified_gmt":"2022-03-17T09:45:27","slug":"cose-e-come-funziona","status":"publish","type":"page","link":"https:\/\/besafesuite.com\/besaferate\/besafe-rate-tariffa-prepagata-con-assicurazione-viaggio-inclusa\/cose-e-come-funziona\/","title":{"rendered":"Cos\u2019\u00e8 e come funziona BeSafe Rate"},"content":{"rendered":"","protected":false},"excerpt":{"rendered":"","protected":false},"author":2,"featured_media":0,"parent":650,"menu_order":23,"comment_status":"closed","ping_status":"closed","template":"","meta":[],"yoast_head":"<!-- This site is optimized with the Yoast SEO Premium plugin v18.1 (Yoast SEO v18.3) - https:\/\/yoast.com\/wordpress\/plugins\/seo\/ -->\n<title>Cos&#039;\u00e8 e Come funziona la Prenotazione Assicurata | BeSafe Rate<\/title>\n<meta name=\"description\" content=\"La Tariffa BeSafe Rate si attiva gratuitamente e pu\u00f2 essere venduta direttamente dal tuo Sito Web oppure Offline. Scopri di pi\u00f9!\" \/>\n<meta name=\"robots\" content=\"index, follow, max-snippet:-1, max-image-preview:large, max-video-preview:-1\" \/>\n<link rel=\"canonical\" href=\"https:\/\/besafesuite.com\/besaferate\/besafe-rate-tariffa-prepagata-con-assicurazione-viaggio-inclusa\/cose-e-come-funziona\/\" \/>\n<meta property=\"og:locale\" content=\"it_IT\" \/>\n<meta property=\"og:type\" content=\"article\" \/>\n<meta property=\"og:title\" content=\"Cos\u2019\u00e8 e come funziona BeSafe Rate\" \/>\n<meta property=\"og:description\" content=\"La Tariffa BeSafe Rate si attiva gratuitamente e pu\u00f2 essere venduta direttamente dal tuo Sito Web oppure Offline. Scopri di pi\u00f9!\" \/>\n<meta property=\"og:url\" content=\"https:\/\/besafesuite.com\/besaferate\/besafe-rate-tariffa-prepagata-con-assicurazione-viaggio-inclusa\/cose-e-come-funziona\/\" \/>\n<meta property=\"og:site_name\" content=\"BeSafe Rate\" \/>\n<meta property=\"article:publisher\" content=\"https:\/\/www.facebook.com\/besaferate\/\" \/>\n<meta property=\"article:modified_time\" content=\"2022-03-17T09:45:27+00:00\" \/>\n<meta property=\"og:image\" content=\"https:\/\/besafesuite.com\/besaferate\/wp-content\/uploads\/sites\/2\/2021\/09\/image_2.jpg\" \/>\n\t<meta property=\"og:image:width\" content=\"785\" \/>\n\t<meta property=\"og:image:height\" content=\"613\" \/>\n\t<meta property=\"og:image:type\" content=\"image\/jpeg\" \/>\n<meta name=\"twitter:card\" content=\"summary_large_image\" \/>\n<script type=\"application\/ld+json\" class=\"yoast-schema-graph\">{\"@context\":\"https:\/\/schema.org\",\"@graph\":[{\"@type\":\"Organization\",\"@id\":\"https:\/\/besafesuite.com\/besaferate\/#organization\",\"name\":\"BeSafe Rate\",\"url\":\"https:\/\/besafesuite.com\/besaferate\/\",\"sameAs\":[\"https:\/\/www.facebook.com\/besaferate\/\",\"https:\/\/www.instagram.com\/besaferate\/\",\"https:\/\/www.linkedin.com\/company\/besafesuitebesaferate\",\"https:\/\/www.youtube.com\/channel\/UCH7p4G7FU4ps2Jyby8HAomQ\"],\"logo\":{\"@type\":\"ImageObject\",\"@id\":\"https:\/\/besafesuite.com\/besaferate\/#logo\",\"inLanguage\":\"it-IT\",\"url\":\"https:\/\/besafesuite.com\/besaferate\/wp-content\/uploads\/sites\/2\/2021\/09\/cropped-Rate.png\",\"contentUrl\":\"https:\/\/besafesuite.com\/besaferate\/wp-content\/uploads\/sites\/2\/2021\/09\/cropped-Rate.png\",\"width\":512,\"height\":512,\"caption\":\"BeSafe Rate\"},\"image\":{\"@id\":\"https:\/\/besafesuite.com\/besaferate\/#logo\"}},{\"@type\":\"WebSite\",\"@id\":\"https:\/\/besafesuite.com\/besaferate\/#website\",\"url\":\"https:\/\/besafesuite.com\/besaferate\/\",\"name\":\"BeSafe Rate\",\"description\":\"\",\"publisher\":{\"@id\":\"https:\/\/besafesuite.com\/besaferate\/#organization\"},\"potentialAction\":[{\"@type\":\"SearchAction\",\"target\":{\"@type\":\"EntryPoint\",\"urlTemplate\":\"https:\/\/besafesuite.com\/besaferate\/?s={search_term_string}\"},\"query-input\":\"required name=search_term_string\"}],\"inLanguage\":\"it-IT\"},{\"@type\":\"WebPage\",\"@id\":\"https:\/\/besafesuite.com\/besaferate\/besafe-rate-tariffa-prepagata-con-assicurazione-viaggio-inclusa\/cose-e-come-funziona\/#webpage\",\"url\":\"https:\/\/besafesuite.com\/besaferate\/besafe-rate-tariffa-prepagata-con-assicurazione-viaggio-inclusa\/cose-e-come-funziona\/\",\"name\":\"Cos'\u00e8 e Come funziona la Prenotazione Assicurata | BeSafe Rate\",\"isPartOf\":{\"@id\":\"https:\/\/besafesuite.com\/besaferate\/#website\"},\"datePublished\":\"2021-10-07T14:52:30+00:00\",\"dateModified\":\"2022-03-17T09:45:27+00:00\",\"description\":\"La Tariffa BeSafe Rate si attiva gratuitamente e pu\u00f2 essere venduta direttamente dal tuo Sito Web oppure Offline. Scopri di pi\u00f9!\",\"breadcrumb\":{\"@id\":\"https:\/\/besafesuite.com\/besaferate\/besafe-rate-tariffa-prepagata-con-assicurazione-viaggio-inclusa\/cose-e-come-funziona\/#breadcrumb\"},\"inLanguage\":\"it-IT\",\"potentialAction\":[{\"@type\":\"ReadAction\",\"target\":[\"https:\/\/besafesuite.com\/besaferate\/besafe-rate-tariffa-prepagata-con-assicurazione-viaggio-inclusa\/cose-e-come-funziona\/\"]}]},{\"@type\":\"BreadcrumbList\",\"@id\":\"https:\/\/besafesuite.com\/besaferate\/besafe-rate-tariffa-prepagata-con-assicurazione-viaggio-inclusa\/cose-e-come-funziona\/#breadcrumb\",\"itemListElement\":[{\"@type\":\"ListItem\",\"position\":1,\"name\":\"Home\",\"item\":\"https:\/\/besafesuite.com\/besaferate\/\"},{\"@type\":\"ListItem\",\"position\":2,\"name\":\"BeSafe Rate: Tariffa Prepagata con Assicurazione Viaggio Inclusa\",\"item\":\"https:\/\/besafesuite.com\/besaferate\/\"},{\"@type\":\"ListItem\",\"position\":3,\"name\":\"Cos\u2019\u00e8 e come funziona BeSafe Rate\"}]}]}<\/script>\n<!-- \/ Yoast SEO Premium plugin. -->","yoast_head_json":{"title":"Cos'\u00e8 e Come funziona la Prenotazione Assicurata | BeSafe Rate","description":"La Tariffa BeSafe Rate si attiva gratuitamente e pu\u00f2 essere venduta direttamente dal tuo Sito Web oppure Offline. Scopri di pi\u00f9!","robots":{"index":"index","follow":"follow","max-snippet":"max-snippet:-1","max-image-preview":"max-image-preview:large","max-video-preview":"max-video-preview:-1"},"canonical":"https:\/\/besafesuite.com\/besaferate\/besafe-rate-tariffa-prepagata-con-assicurazione-viaggio-inclusa\/cose-e-come-funziona\/","og_locale":"it_IT","og_type":"article","og_title":"Cos\u2019\u00e8 e come funziona BeSafe Rate","og_description":"La Tariffa BeSafe Rate si attiva gratuitamente e pu\u00f2 essere venduta direttamente dal tuo Sito Web oppure Offline. Scopri di pi\u00f9!","og_url":"https:\/\/besafesuite.com\/besaferate\/besafe-rate-tariffa-prepagata-con-assicurazione-viaggio-inclusa\/cose-e-come-funziona\/","og_site_name":"BeSafe Rate","article_publisher":"https:\/\/www.facebook.com\/besaferate\/","article_modified_time":"2022-03-17T09:45:27+00:00","og_image":[{"width":785,"height":613,"url":"https:\/\/besafesuite.com\/besaferate\/wp-content\/uploads\/sites\/2\/2021\/09\/image_2.jpg","type":"image\/jpeg"}],"twitter_card":"summary_large_image","schema":{"@context":"https:\/\/schema.org","@graph":[{"@type":"Organization","@id":"https:\/\/besafesuite.com\/besaferate\/#organization","name":"BeSafe Rate","url":"https:\/\/besafesuite.com\/besaferate\/","sameAs":["https:\/\/www.facebook.com\/besaferate\/","https:\/\/www.instagram.com\/besaferate\/","https:\/\/www.linkedin.com\/company\/besafesuitebesaferate","https:\/\/www.youtube.com\/channel\/UCH7p4G7FU4ps2Jyby8HAomQ"],"logo":{"@type":"ImageObject","@id":"https:\/\/besafesuite.com\/besaferate\/#logo","inLanguage":"it-IT","url":"https:\/\/besafesuite.com\/besaferate\/wp-content\/uploads\/sites\/2\/2021\/09\/cropped-Rate.png","contentUrl":"https:\/\/besafesuite.com\/besaferate\/wp-content\/uploads\/sites\/2\/2021\/09\/cropped-Rate.png","width":512,"height":512,"caption":"BeSafe Rate"},"image":{"@id":"https:\/\/besafesuite.com\/besaferate\/#logo"}},{"@type":"WebSite","@id":"https:\/\/besafesuite.com\/besaferate\/#website","url":"https:\/\/besafesuite.com\/besaferate\/","name":"BeSafe Rate","description":"","publisher":{"@id":"https:\/\/besafesuite.com\/besaferate\/#organization"},"potentialAction":[{"@type":"SearchAction","target":{"@type":"EntryPoint","urlTemplate":"https:\/\/besafesuite.com\/besaferate\/?s={search_term_string}"},"query-input":"required name=search_term_string"}],"inLanguage":"it-IT"},{"@type":"WebPage","@id":"https:\/\/besafesuite.com\/besaferate\/besafe-rate-tariffa-prepagata-con-assicurazione-viaggio-inclusa\/cose-e-come-funziona\/#webpage","url":"https:\/\/besafesuite.com\/besaferate\/besafe-rate-tariffa-prepagata-con-assicurazione-viaggio-inclusa\/cose-e-come-funziona\/","name":"Cos'\u00e8 e Come funziona la Prenotazione Assicurata | BeSafe Rate","isPartOf":{"@id":"https:\/\/besafesuite.com\/besaferate\/#website"},"datePublished":"2021-10-07T14:52:30+00:00","dateModified":"2022-03-17T09:45:27+00:00","description":"La Tariffa BeSafe Rate si attiva gratuitamente e pu\u00f2 essere venduta direttamente dal tuo Sito Web oppure Offline. Scopri di pi\u00f9!","breadcrumb":{"@id":"https:\/\/besafesuite.com\/besaferate\/besafe-rate-tariffa-prepagata-con-assicurazione-viaggio-inclusa\/cose-e-come-funziona\/#breadcrumb"},"inLanguage":"it-IT","potentialAction":[{"@type":"ReadAction","target":["https:\/\/besafesuite.com\/besaferate\/besafe-rate-tariffa-prepagata-con-assicurazione-viaggio-inclusa\/cose-e-come-funziona\/"]}]},{"@type":"BreadcrumbList","@id":"https:\/\/besafesuite.com\/besaferate\/besafe-rate-tariffa-prepagata-con-assicurazione-viaggio-inclusa\/cose-e-come-funziona\/#breadcrumb","itemListElement":[{"@type":"ListItem","position":1,"name":"Home","item":"https:\/\/besafesuite.com\/besaferate\/"},{"@type":"ListItem","position":2,"name":"BeSafe Rate: Tariffa Prepagata con Assicurazione Viaggio Inclusa","item":"https:\/\/besafesuite.com\/besaferate\/"},{"@type":"ListItem","position":3,"name":"Cos\u2019\u00e8 e come funziona BeSafe Rate"}]}]}},"acf":{"hero_visibility":false,"custom_css":"","page_builder":[{"acf_fc_layout":"block_generic_text","section":{"s_visibility":false,"s_id":"","s_pdg_top":"2x","s_pdg_bottom":"2x","s_bg_color":"no","s_decoration":""},"generic_text":{"subtitle":"","title":"Cos\u2019\u00e8 la Tariffa Prepagata Assicurata","text":"<p><span style=\"font-weight: 400;\">Hai mai provato a mettere in vendita una\u00a0<\/span><b>tariffa innovativa e sicura per l\u2019ospite<\/b><span style=\"font-weight: 400;\">? Avrai la sorpresa di attirare una nuova e sempre pi\u00f9 grande fetta di mercato alla ricerca un soggiorno sicuro.<\/span><\/p>\n<p><b>BeSafe Rate <\/b><span style=\"font-weight: 400;\">\u00e8 il servizio studiato per permetterti di<\/span><b> vendere soggiorni con assicurazione inclusa<\/b><span style=\"font-weight: 400;\">\u00a0nel costo della prenotazione direttamente dal tuo sito web o offline in accordo con le tue <\/span><a href=\"https:\/\/besafesuite.com\/il-revenue-management-strategie-e-attivita\/\"><b>strategie di revenue<\/b><\/a><span style=\"font-weight: 400;\">.<\/span><\/p>\n<p><span style=\"font-weight: 400;\">Grazie alla prenotazione assicurata, con <\/span><a href=\"https:\/\/besafesuite.com\/\"><b>BeSafe<\/b><\/a><span style=\"font-weight: 400;\"> i tuoi ospiti sono al sicuro e lo sono anche i tuoi guadagni.<\/span><\/p>\n"}},{"acf_fc_layout":"block_generic_text","section":{"s_visibility":false,"s_id":"","s_pdg_top":"1x","s_pdg_bottom":"1x","s_bg_color":"no","s_decoration":""},"generic_text":{"subtitle":"","title":"Come Funziona la Prenotazione con Assicurazione Inclusa","text":"<p><b>L\u2019attivazione del servizio \u00e8 gratuita<\/b><span style=\"font-weight: 400;\">.<\/span><\/p>\n<p><span style=\"font-weight: 400;\">In 3 semplici step ti registri al servizio e hai accesso alla tua area personale.<\/span><\/p>\n<p><b>Ti assistiamo nel processo di setup della tariffa<\/b><span style=\"font-weight: 400;\">, scegli tu come posizionarla in accordo con la tua strategia di vendita.<\/span><\/p>\n<p><b>Ci colleghiamo direttamente con il tuo gestionale<\/b><span style=\"font-weight: 400;\">. Il software filtrer\u00e0 esclusivamente le prenotazioni assicurate ricevute e invier\u00e0 i dati dei tuoi ospiti alla compagnia assicurativa.<\/span><span style=\"font-weight: 400;\"><br \/>\n<\/span><\/p>\n<p><span style=\"font-weight: 400;\">Le <\/span><a href=\"https:\/\/besafesuite.com\/besaferate\/tariffa-assicurata-hotel\/copertura-assicurativa\/\"><b>coperture incluse nella prenotazione<\/b><\/a><span style=\"font-weight: 400;\"> si attiveranno in automatico.<\/span><\/p>\n<p><span style=\"font-weight: 400;\">Puoi ricevere prenotazioni assicurate anche senza integrazione.<\/span><\/p>\n<p><a href=\"https:\/\/besafesuite.com\/besaferate\/albergatore\/form-informazioni\/\"><b>Scopri di pi\u00f9<\/b><\/a><\/p>\n"}},{"acf_fc_layout":"block_generic_text","section":{"s_visibility":false,"s_id":"","s_pdg_top":"1x","s_pdg_bottom":"1x","s_bg_color":"no","s_decoration":""},"generic_text":{"subtitle":"","title":"Esperienza Utente al centro del Servizio","text":"<p><span style=\"font-weight: 400;\">Tutto avviene sul tuo sito, massimizzando le tue possibilit\u00e0 di conversione.<\/span><\/p>\n<p><span style=\"font-weight: 400;\">L\u2019ospite naviga sul tuo sito, seleziona la tariffa <\/span><a href=\"https:\/\/besafesuite.com\/besaferate\/\"><b>BeSafe Rate<\/b><\/a><span style=\"font-weight: 400;\"> tra le offerte disponibili e finalizza il processo di booking.<\/span><\/p>\n<p><span style=\"font-weight: 400;\">L\u2019assicurazione di viaggio \u00e8 automaticamente inclusa nel costo della prenotazione. Per lui non cambia nulla.<\/span><\/p>\n<p><b>Ricevi<\/b><span style=\"font-weight: 400;\">\u00a0la conferma di avvenuta prenotazione.<\/span><\/p>\n<p><b>Incassi<\/b><span style=\"font-weight: 400;\">\u00a0l\u2019importo associato al soggiorno assicurato in base alla politica di pagamento prescelta.<\/span><\/p>\n<p><b>Gestisci<\/b><span style=\"font-weight: 400;\">\u00a0la prenotazione direttamente nella tua area personale.<\/span><\/p>\n<p><span style=\"font-weight: 400;\">L\u2019ospite riceve la conferma di attivazione delle coperture assicurative.<\/span><\/p>\n<p><b>Il tuo incasso \u00e8 al sicuro e lo sono anche i tuoi ospiti<\/b><span style=\"font-weight: 400;\">.<\/span><\/p>\n"}}]},"_links":{"self":[{"href":"https:\/\/besafesuite.com\/besaferate\/wp-json\/wp\/v2\/pages\/1175"}],"collection":[{"href":"https:\/\/besafesuite.com\/besaferate\/wp-json\/wp\/v2\/pages"}],"about":[{"href":"https:\/\/besafesuite.com\/besaferate\/wp-json\/wp\/v2\/types\/page"}],"author":[{"embeddable":true,"href":"https:\/\/besafesuite.com\/besaferate\/wp-json\/wp\/v2\/users\/2"}],"replies":[{"embeddable":true,"href":"https:\/\/besafesuite.com\/besaferate\/wp-json\/wp\/v2\/comments?post=1175"}],"version-history":[{"count":2,"href":"https:\/\/besafesuite.com\/besaferate\/wp-json\/wp\/v2\/pages\/1175\/revisions"}],"predecessor-version":[{"id":2293,"href":"https:\/\/besafesuite.com\/besaferate\/wp-json\/wp\/v2\/pages\/1175\/revisions\/2293"}],"up":[{"embeddable":true,"href":"https:\/\/besafesuite.com\/besaferate\/wp-json\/wp\/v2\/pages\/650"}],"wp:attachment":[{"href":"https:\/\/besafesuite.com\/besaferate\/wp-json\/wp\/v2\/media?parent=1175"}],"curies":[{"name":"wp","href":"https:\/\/api.w.org\/{rel}","templated":true}]}}