{"id":7351,"date":"2021-09-20T14:15:31","date_gmt":"2021-09-20T12:15:31","guid":{"rendered":"https:\/\/besafesuite.com\/contatti\/"},"modified":"2021-12-29T13:07:53","modified_gmt":"2021-12-29T12:07:53","slug":"contactos","status":"publish","type":"page","link":"https:\/\/besafesuite.com\/es\/contactos\/","title":{"rendered":"Contactos"},"content":{"rendered":"","protected":false},"excerpt":{"rendered":"","protected":false},"author":2,"featured_media":0,"parent":0,"menu_order":3,"comment_status":"closed","ping_status":"closed","template":"template-contact.php","meta":[],"yoast_head":"<!-- This site is optimized with the Yoast SEO Premium plugin v18.1 (Yoast SEO v18.3) - https:\/\/yoast.com\/wordpress\/plugins\/seo\/ -->\n<title>Contactos - BeSafe Group<\/title>\n<meta name=\"robots\" content=\"index, follow, max-snippet:-1, max-image-preview:large, max-video-preview:-1\" \/>\n<link rel=\"canonical\" href=\"https:\/\/besafesuite.com\/es\/contactos\/\" \/>\n<meta property=\"og:locale\" content=\"es_ES\" \/>\n<meta property=\"og:type\" content=\"article\" \/>\n<meta property=\"og:title\" content=\"Contactos\" \/>\n<meta property=\"og:url\" content=\"https:\/\/besafesuite.com\/es\/contactos\/\" \/>\n<meta property=\"og:site_name\" content=\"BeSafe Group\" \/>\n<meta property=\"article:modified_time\" content=\"2021-12-29T12:07:53+00:00\" \/>\n<meta property=\"og:image\" content=\"https:\/\/besafesuite.com\/wp-content\/uploads\/2021\/08\/besuite_intro.png\" \/>\n\t<meta property=\"og:image:width\" content=\"1200\" \/>\n\t<meta property=\"og:image:height\" content=\"1000\" \/>\n\t<meta property=\"og:image:type\" content=\"image\/png\" \/>\n<meta name=\"twitter:card\" content=\"summary_large_image\" \/>\n<script type=\"application\/ld+json\" class=\"yoast-schema-graph\">{\"@context\":\"https:\/\/schema.org\",\"@graph\":[{\"@type\":\"WebSite\",\"@id\":\"https:\/\/besafesuite.com\/es\/#website\",\"url\":\"https:\/\/besafesuite.com\/es\/\",\"name\":\"BeSafe Group\",\"description\":\"The future of safe travel\",\"potentialAction\":[{\"@type\":\"SearchAction\",\"target\":{\"@type\":\"EntryPoint\",\"urlTemplate\":\"https:\/\/besafesuite.com\/es\/?s={search_term_string}\"},\"query-input\":\"required name=search_term_string\"}],\"inLanguage\":\"es\"},{\"@type\":\"WebPage\",\"@id\":\"https:\/\/besafesuite.com\/es\/contactos\/#webpage\",\"url\":\"https:\/\/besafesuite.com\/es\/contactos\/\",\"name\":\"Contactos - BeSafe Group\",\"isPartOf\":{\"@id\":\"https:\/\/besafesuite.com\/es\/#website\"},\"datePublished\":\"2021-09-20T12:15:31+00:00\",\"dateModified\":\"2021-12-29T12:07:53+00:00\",\"breadcrumb\":{\"@id\":\"https:\/\/besafesuite.com\/es\/contactos\/#breadcrumb\"},\"inLanguage\":\"es\",\"potentialAction\":[{\"@type\":\"ReadAction\",\"target\":[\"https:\/\/besafesuite.com\/es\/contactos\/\"]}]},{\"@type\":\"BreadcrumbList\",\"@id\":\"https:\/\/besafesuite.com\/es\/contactos\/#breadcrumb\",\"itemListElement\":[{\"@type\":\"ListItem\",\"position\":1,\"name\":\"Home\",\"item\":\"https:\/\/besafesuite.com\/es\/\"},{\"@type\":\"ListItem\",\"position\":2,\"name\":\"Contactos\"}]}]}<\/script>\n<!-- \/ Yoast SEO Premium plugin. -->","yoast_head_json":{"title":"Contactos - BeSafe Group","robots":{"index":"index","follow":"follow","max-snippet":"max-snippet:-1","max-image-preview":"max-image-preview:large","max-video-preview":"max-video-preview:-1"},"canonical":"https:\/\/besafesuite.com\/es\/contactos\/","og_locale":"es_ES","og_type":"article","og_title":"Contactos","og_url":"https:\/\/besafesuite.com\/es\/contactos\/","og_site_name":"BeSafe Group","article_modified_time":"2021-12-29T12:07:53+00:00","og_image":[{"width":1200,"height":1000,"url":"https:\/\/besafesuite.com\/wp-content\/uploads\/2021\/08\/besuite_intro.png","type":"image\/png"}],"twitter_card":"summary_large_image","schema":{"@context":"https:\/\/schema.org","@graph":[{"@type":"WebSite","@id":"https:\/\/besafesuite.com\/es\/#website","url":"https:\/\/besafesuite.com\/es\/","name":"BeSafe Group","description":"The future of safe travel","potentialAction":[{"@type":"SearchAction","target":{"@type":"EntryPoint","urlTemplate":"https:\/\/besafesuite.com\/es\/?s={search_term_string}"},"query-input":"required name=search_term_string"}],"inLanguage":"es"},{"@type":"WebPage","@id":"https:\/\/besafesuite.com\/es\/contactos\/#webpage","url":"https:\/\/besafesuite.com\/es\/contactos\/","name":"Contactos - BeSafe Group","isPartOf":{"@id":"https:\/\/besafesuite.com\/es\/#website"},"datePublished":"2021-09-20T12:15:31+00:00","dateModified":"2021-12-29T12:07:53+00:00","breadcrumb":{"@id":"https:\/\/besafesuite.com\/es\/contactos\/#breadcrumb"},"inLanguage":"es","potentialAction":[{"@type":"ReadAction","target":["https:\/\/besafesuite.com\/es\/contactos\/"]}]},{"@type":"BreadcrumbList","@id":"https:\/\/besafesuite.com\/es\/contactos\/#breadcrumb","itemListElement":[{"@type":"ListItem","position":1,"name":"Home","item":"https:\/\/besafesuite.com\/es\/"},{"@type":"ListItem","position":2,"name":"Contactos"}]}]}},"acf":{"hero_visibility":true,"page_builder":[{"acf_fc_layout":"block_form_contact","section":{"s_visibility":false,"s_id":"","s_pdg_top":"3x","s_pdg_bottom":"4x","s_bg_color":"no","s_decoration":"sk-deco--wave"},"form_contact":{"subtitle":"Contactos","title":"Sigamos en contacto","text":""}}],"contact_description":"<p>Si quiere saber m\u00e1s sobre BeSafe Suite o necesita ayuda, p\u00f3ngase en contacto con nosotros.<\/p>\n<p>A continuaci\u00f3n encontrar\u00e1 las direcciones \u00fatiles de nuestro equipo.<\/p>\n","contact_blocks":[{"icon":{"ID":7361,"id":7361,"title":"r_info","filename":"r_info-1.svg","filesize":770,"url":"https:\/\/besafesuite.com\/wp-content\/uploads\/2021\/09\/r_info-1.svg","link":"https:\/\/besafesuite.com\/es\/contactos\/r_info-2\/","alt":"","author":"2","description":"","caption":"","name":"r_info-2","status":"inherit","uploaded_to":7351,"date":"2021-09-29 09:13:40","modified":"2021-09-29 09:13:40","menu_order":0,"mime_type":"image\/svg+xml","type":"image","subtype":"svg+xml","icon":"https:\/\/besafesuite.com\/wp-includes\/images\/media\/default.png","width":0,"height":0,"sizes":{"thumbnail":"https:\/\/besafesuite.com\/wp-content\/uploads\/2021\/09\/r_info-1.svg","thumbnail-width":1,"thumbnail-height":1,"medium":"https:\/\/besafesuite.com\/wp-content\/uploads\/2021\/09\/r_info-1.svg","medium-width":1,"medium-height":1,"medium_large":"https:\/\/besafesuite.com\/wp-content\/uploads\/2021\/09\/r_info-1.svg","medium_large-width":1,"medium_large-height":1,"large":"https:\/\/besafesuite.com\/wp-content\/uploads\/2021\/09\/r_info-1.svg","large-width":1,"large-height":1,"1536x1536":"https:\/\/besafesuite.com\/wp-content\/uploads\/2021\/09\/r_info-1.svg","1536x1536-width":1,"1536x1536-height":1,"2048x2048":"https:\/\/besafesuite.com\/wp-content\/uploads\/2021\/09\/r_info-1.svg","2048x2048-width":1,"2048x2048-height":1}},"fields":[{"label":"Departamento de Informaci\u00f3n","value":"<a href=\"mailto:info@besafesuite.com\">info@besafesuite.com<\/a>"},{"label":"Tel\u00e9fono","value":"<a href=\"tel:+390669429163\">06.69.42.91.63<\/a>"},{"label":"Horario","value":"09:00 - 17:00"}]},{"icon":false,"fields":[{"label":"Departamento de Ventas","value":"<a href=\"mailto:sales@besafesuite.com\">sales@besafesuite.com <\/a>"}]},{"icon":{"ID":7362,"id":7362,"title":"r_marketing","filename":"r_marketing-1.svg","filesize":947,"url":"https:\/\/besafesuite.com\/wp-content\/uploads\/2021\/09\/r_marketing-1.svg","link":"https:\/\/besafesuite.com\/es\/contactos\/r_marketing-2\/","alt":"","author":"2","description":"","caption":"","name":"r_marketing-2","status":"inherit","uploaded_to":7351,"date":"2021-09-29 09:13:40","modified":"2021-09-29 09:13:40","menu_order":0,"mime_type":"image\/svg+xml","type":"image","subtype":"svg+xml","icon":"https:\/\/besafesuite.com\/wp-includes\/images\/media\/default.png","width":0,"height":0,"sizes":{"thumbnail":"https:\/\/besafesuite.com\/wp-content\/uploads\/2021\/09\/r_marketing-1.svg","thumbnail-width":1,"thumbnail-height":1,"medium":"https:\/\/besafesuite.com\/wp-content\/uploads\/2021\/09\/r_marketing-1.svg","medium-width":1,"medium-height":1,"medium_large":"https:\/\/besafesuite.com\/wp-content\/uploads\/2021\/09\/r_marketing-1.svg","medium_large-width":1,"medium_large-height":1,"large":"https:\/\/besafesuite.com\/wp-content\/uploads\/2021\/09\/r_marketing-1.svg","large-width":1,"large-height":1,"1536x1536":"https:\/\/besafesuite.com\/wp-content\/uploads\/2021\/09\/r_marketing-1.svg","1536x1536-width":1,"1536x1536-height":1,"2048x2048":"https:\/\/besafesuite.com\/wp-content\/uploads\/2021\/09\/r_marketing-1.svg","2048x2048-width":1,"2048x2048-height":1}},"fields":[{"label":"Departamento de Marketing","value":"<a href=\"mailto:marketing@besafesuite.com\">marketing@besafesuite.com<\/a>"}]},{"icon":{"ID":7360,"id":7360,"title":"r_help","filename":"r_help-1.svg","filesize":979,"url":"https:\/\/besafesuite.com\/wp-content\/uploads\/2021\/09\/r_help-1.svg","link":"https:\/\/besafesuite.com\/es\/contactos\/r_help-2\/","alt":"","author":"2","description":"","caption":"","name":"r_help-2","status":"inherit","uploaded_to":7351,"date":"2021-09-29 09:13:40","modified":"2021-09-29 09:13:40","menu_order":0,"mime_type":"image\/svg+xml","type":"image","subtype":"svg+xml","icon":"https:\/\/besafesuite.com\/wp-includes\/images\/media\/default.png","width":0,"height":0,"sizes":{"thumbnail":"https:\/\/besafesuite.com\/wp-content\/uploads\/2021\/09\/r_help-1.svg","thumbnail-width":1,"thumbnail-height":1,"medium":"https:\/\/besafesuite.com\/wp-content\/uploads\/2021\/09\/r_help-1.svg","medium-width":1,"medium-height":1,"medium_large":"https:\/\/besafesuite.com\/wp-content\/uploads\/2021\/09\/r_help-1.svg","medium_large-width":1,"medium_large-height":1,"large":"https:\/\/besafesuite.com\/wp-content\/uploads\/2021\/09\/r_help-1.svg","large-width":1,"large-height":1,"1536x1536":"https:\/\/besafesuite.com\/wp-content\/uploads\/2021\/09\/r_help-1.svg","1536x1536-width":1,"1536x1536-height":1,"2048x2048":"https:\/\/besafesuite.com\/wp-content\/uploads\/2021\/09\/r_help-1.svg","2048x2048-width":1,"2048x2048-height":1}},"fields":[{"label":"Departamento de Asistencia","value":"<a href=\"mailto:help@besafesuite.com\">help@besafesuite.com<\/a>"}]},{"icon":{"ID":7359,"id":7359,"title":"r_admin","filename":"r_admin-1.svg","filesize":825,"url":"https:\/\/besafesuite.com\/wp-content\/uploads\/2021\/09\/r_admin-1.svg","link":"https:\/\/besafesuite.com\/es\/contactos\/r_admin\/","alt":"","author":"2","description":"","caption":"","name":"r_admin","status":"inherit","uploaded_to":7351,"date":"2021-09-29 09:13:40","modified":"2021-09-29 09:13:40","menu_order":0,"mime_type":"image\/svg+xml","type":"image","subtype":"svg+xml","icon":"https:\/\/besafesuite.com\/wp-includes\/images\/media\/default.png","width":0,"height":0,"sizes":{"thumbnail":"https:\/\/besafesuite.com\/wp-content\/uploads\/2021\/09\/r_admin-1.svg","thumbnail-width":1,"thumbnail-height":1,"medium":"https:\/\/besafesuite.com\/wp-content\/uploads\/2021\/09\/r_admin-1.svg","medium-width":1,"medium-height":1,"medium_large":"https:\/\/besafesuite.com\/wp-content\/uploads\/2021\/09\/r_admin-1.svg","medium_large-width":1,"medium_large-height":1,"large":"https:\/\/besafesuite.com\/wp-content\/uploads\/2021\/09\/r_admin-1.svg","large-width":1,"large-height":1,"1536x1536":"https:\/\/besafesuite.com\/wp-content\/uploads\/2021\/09\/r_admin-1.svg","1536x1536-width":1,"1536x1536-height":1,"2048x2048":"https:\/\/besafesuite.com\/wp-content\/uploads\/2021\/09\/r_admin-1.svg","2048x2048-width":1,"2048x2048-height":1}},"fields":[{"label":"Administraci\u00f3n","value":"<a href=\"mailto:admin@besafesuite.com\">admin@besafesuite.com<\/a>"}]},{"icon":{"ID":7364,"id":7364,"title":"r_tech","filename":"r_tech-1.svg","filesize":954,"url":"https:\/\/besafesuite.com\/wp-content\/uploads\/2021\/09\/r_tech-1.svg","link":"https:\/\/besafesuite.com\/es\/contactos\/r_tech-2\/","alt":"","author":"2","description":"","caption":"","name":"r_tech-2","status":"inherit","uploaded_to":7351,"date":"2021-09-29 09:13:41","modified":"2021-09-29 09:13:41","menu_order":0,"mime_type":"image\/svg+xml","type":"image","subtype":"svg+xml","icon":"https:\/\/besafesuite.com\/wp-includes\/images\/media\/default.png","width":0,"height":0,"sizes":{"thumbnail":"https:\/\/besafesuite.com\/wp-content\/uploads\/2021\/09\/r_tech-1.svg","thumbnail-width":1,"thumbnail-height":1,"medium":"https:\/\/besafesuite.com\/wp-content\/uploads\/2021\/09\/r_tech-1.svg","medium-width":1,"medium-height":1,"medium_large":"https:\/\/besafesuite.com\/wp-content\/uploads\/2021\/09\/r_tech-1.svg","medium_large-width":1,"medium_large-height":1,"large":"https:\/\/besafesuite.com\/wp-content\/uploads\/2021\/09\/r_tech-1.svg","large-width":1,"large-height":1,"1536x1536":"https:\/\/besafesuite.com\/wp-content\/uploads\/2021\/09\/r_tech-1.svg","1536x1536-width":1,"1536x1536-height":1,"2048x2048":"https:\/\/besafesuite.com\/wp-content\/uploads\/2021\/09\/r_tech-1.svg","2048x2048-width":1,"2048x2048-height":1}},"fields":[{"label":"Departamento Tech","value":"<a href=\"mailto:tech@besafesuite.com\">tech@besafesuite.com<\/a>"}]}],"custom_css":""},"_links":{"self":[{"href":"https:\/\/besafesuite.com\/es\/wp-json\/wp\/v2\/pages\/7351"}],"collection":[{"href":"https:\/\/besafesuite.com\/es\/wp-json\/wp\/v2\/pages"}],"about":[{"href":"https:\/\/besafesuite.com\/es\/wp-json\/wp\/v2\/types\/page"}],"author":[{"embeddable":true,"href":"https:\/\/besafesuite.com\/es\/wp-json\/wp\/v2\/users\/2"}],"replies":[{"embeddable":true,"href":"https:\/\/besafesuite.com\/es\/wp-json\/wp\/v2\/comments?post=7351"}],"version-history":[{"count":3,"href":"https:\/\/besafesuite.com\/es\/wp-json\/wp\/v2\/pages\/7351\/revisions"}],"predecessor-version":[{"id":7406,"href":"https:\/\/besafesuite.com\/es\/wp-json\/wp\/v2\/pages\/7351\/revisions\/7406"}],"wp:attachment":[{"href":"https:\/\/besafesuite.com\/es\/wp-json\/wp\/v2\/media?parent=7351"}],"curies":[{"name":"wp","href":"https:\/\/api.w.org\/{rel}","templated":true}]}}