{"id":10540,"date":"2021-09-07T15:30:03","date_gmt":"2021-09-07T13:30:03","guid":{"rendered":"https:\/\/besafesuite.com\/form-informazioni\/"},"modified":"2022-08-18T11:26:25","modified_gmt":"2022-08-18T09:26:25","slug":"formulaire-informations","status":"publish","type":"page","link":"https:\/\/besafesuite.com\/fr\/formulaire-informations\/","title":{"rendered":"Formulaire de demande d&rsquo;informations : Info et contact"},"content":{"rendered":"","protected":false},"excerpt":{"rendered":"","protected":false},"author":12,"featured_media":0,"parent":0,"menu_order":15,"comment_status":"closed","ping_status":"closed","template":"template-form-info.php","meta":[],"yoast_head":"<!-- This site is optimized with the Yoast SEO Premium plugin v18.1 (Yoast SEO v18.3) - https:\/\/yoast.com\/wordpress\/plugins\/seo\/ -->\n<title>Formulaire de demande d&#039;informations : Info et contact - BeSafe Suite<\/title>\n<meta name=\"description\" content=\"Remplissez le formulaire et d\u00e9couvrez comment les outils de la suite BeSafe peuvent soutenir les strat\u00e9gies de revenus de votre \u00e9tablissement\" \/>\n<meta name=\"robots\" content=\"index, follow, max-snippet:-1, max-image-preview:large, max-video-preview:-1\" \/>\n<link rel=\"canonical\" href=\"https:\/\/besafesuite.com\/fr\/formulaire-informations\/\" \/>\n<meta property=\"og:locale\" content=\"fr_FR\" \/>\n<meta property=\"og:type\" content=\"article\" \/>\n<meta property=\"og:title\" content=\"Formulaire de demande d&#039;informations : Info et contact\" \/>\n<meta property=\"og:description\" content=\"Remplissez le formulaire et d\u00e9couvrez comment les outils de la suite BeSafe peuvent soutenir les strat\u00e9gies de revenus de votre \u00e9tablissement\" \/>\n<meta property=\"og:url\" content=\"https:\/\/besafesuite.com\/fr\/formulaire-informations\/\" \/>\n<meta property=\"og:site_name\" content=\"BeSafe Group\" \/>\n<meta property=\"article:modified_time\" content=\"2022-08-18T09:26:25+00:00\" \/>\n<meta property=\"og:image\" content=\"https:\/\/besafesuite.com\/wp-content\/uploads\/2021\/08\/besuite_intro.png\" \/>\n\t<meta property=\"og:image:width\" content=\"1200\" \/>\n\t<meta property=\"og:image:height\" content=\"1000\" \/>\n\t<meta property=\"og:image:type\" content=\"image\/png\" \/>\n<meta name=\"twitter:card\" content=\"summary_large_image\" \/>\n<script type=\"application\/ld+json\" class=\"yoast-schema-graph\">{\"@context\":\"https:\/\/schema.org\",\"@graph\":[{\"@type\":\"WebSite\",\"@id\":\"https:\/\/besafesuite.com\/fr\/#website\",\"url\":\"https:\/\/besafesuite.com\/fr\/\",\"name\":\"BeSafe Group\",\"description\":\"The future of safe travel\",\"potentialAction\":[{\"@type\":\"SearchAction\",\"target\":{\"@type\":\"EntryPoint\",\"urlTemplate\":\"https:\/\/besafesuite.com\/fr\/?s={search_term_string}\"},\"query-input\":\"required name=search_term_string\"}],\"inLanguage\":\"fr-FR\"},{\"@type\":\"WebPage\",\"@id\":\"https:\/\/besafesuite.com\/fr\/formulaire-informations\/#webpage\",\"url\":\"https:\/\/besafesuite.com\/fr\/formulaire-informations\/\",\"name\":\"Formulaire de demande d'informations : Info et contact - BeSafe Suite\",\"isPartOf\":{\"@id\":\"https:\/\/besafesuite.com\/fr\/#website\"},\"datePublished\":\"2021-09-07T13:30:03+00:00\",\"dateModified\":\"2022-08-18T09:26:25+00:00\",\"description\":\"Remplissez le formulaire et d\u00e9couvrez comment les outils de la suite BeSafe peuvent soutenir les strat\u00e9gies de revenus de votre \u00e9tablissement\",\"breadcrumb\":{\"@id\":\"https:\/\/besafesuite.com\/fr\/formulaire-informations\/#breadcrumb\"},\"inLanguage\":\"fr-FR\",\"potentialAction\":[{\"@type\":\"ReadAction\",\"target\":[\"https:\/\/besafesuite.com\/fr\/formulaire-informations\/\"]}]},{\"@type\":\"BreadcrumbList\",\"@id\":\"https:\/\/besafesuite.com\/fr\/formulaire-informations\/#breadcrumb\",\"itemListElement\":[{\"@type\":\"ListItem\",\"position\":1,\"name\":\"Home\",\"item\":\"https:\/\/besafesuite.com\/fr\/\"},{\"@type\":\"ListItem\",\"position\":2,\"name\":\"Formulaire de demande d&#8217;informations : Info et contact\"}]}]}<\/script>\n<!-- \/ Yoast SEO Premium plugin. -->","yoast_head_json":{"title":"Formulaire de demande d'informations : Info et contact - BeSafe Suite","description":"Remplissez le formulaire et d\u00e9couvrez comment les outils de la suite BeSafe peuvent soutenir les strat\u00e9gies de revenus de votre \u00e9tablissement","robots":{"index":"index","follow":"follow","max-snippet":"max-snippet:-1","max-image-preview":"max-image-preview:large","max-video-preview":"max-video-preview:-1"},"canonical":"https:\/\/besafesuite.com\/fr\/formulaire-informations\/","og_locale":"fr_FR","og_type":"article","og_title":"Formulaire de demande d'informations : Info et contact","og_description":"Remplissez le formulaire et d\u00e9couvrez comment les outils de la suite BeSafe peuvent soutenir les strat\u00e9gies de revenus de votre \u00e9tablissement","og_url":"https:\/\/besafesuite.com\/fr\/formulaire-informations\/","og_site_name":"BeSafe Group","article_modified_time":"2022-08-18T09:26:25+00:00","og_image":[{"width":1200,"height":1000,"url":"https:\/\/besafesuite.com\/wp-content\/uploads\/2021\/08\/besuite_intro.png","type":"image\/png"}],"twitter_card":"summary_large_image","schema":{"@context":"https:\/\/schema.org","@graph":[{"@type":"WebSite","@id":"https:\/\/besafesuite.com\/fr\/#website","url":"https:\/\/besafesuite.com\/fr\/","name":"BeSafe Group","description":"The future of safe travel","potentialAction":[{"@type":"SearchAction","target":{"@type":"EntryPoint","urlTemplate":"https:\/\/besafesuite.com\/fr\/?s={search_term_string}"},"query-input":"required name=search_term_string"}],"inLanguage":"fr-FR"},{"@type":"WebPage","@id":"https:\/\/besafesuite.com\/fr\/formulaire-informations\/#webpage","url":"https:\/\/besafesuite.com\/fr\/formulaire-informations\/","name":"Formulaire de demande d'informations : Info et contact - BeSafe Suite","isPartOf":{"@id":"https:\/\/besafesuite.com\/fr\/#website"},"datePublished":"2021-09-07T13:30:03+00:00","dateModified":"2022-08-18T09:26:25+00:00","description":"Remplissez le formulaire et d\u00e9couvrez comment les outils de la suite BeSafe peuvent soutenir les strat\u00e9gies de revenus de votre \u00e9tablissement","breadcrumb":{"@id":"https:\/\/besafesuite.com\/fr\/formulaire-informations\/#breadcrumb"},"inLanguage":"fr-FR","potentialAction":[{"@type":"ReadAction","target":["https:\/\/besafesuite.com\/fr\/formulaire-informations\/"]}]},{"@type":"BreadcrumbList","@id":"https:\/\/besafesuite.com\/fr\/formulaire-informations\/#breadcrumb","itemListElement":[{"@type":"ListItem","position":1,"name":"Home","item":"https:\/\/besafesuite.com\/fr\/"},{"@type":"ListItem","position":2,"name":"Formulaire de demande d&#8217;informations : Info et contact"}]}]}},"acf":{"f_page_title":"<h1>Indiquez-nous les coordonn\u00e9es de votre \u00e9tablissement<\/h1>","f_page_subtitle":"Contact","hero_visibility":false,"f_page_text":"<p><em>Vous \u00eates un voyageur ? Envoyez un courriel \u00e0 help@besaferate.com<\/em><\/p>\n","custom_css":""},"_links":{"self":[{"href":"https:\/\/besafesuite.com\/fr\/wp-json\/wp\/v2\/pages\/10540"}],"collection":[{"href":"https:\/\/besafesuite.com\/fr\/wp-json\/wp\/v2\/pages"}],"about":[{"href":"https:\/\/besafesuite.com\/fr\/wp-json\/wp\/v2\/types\/page"}],"author":[{"embeddable":true,"href":"https:\/\/besafesuite.com\/fr\/wp-json\/wp\/v2\/users\/12"}],"replies":[{"embeddable":true,"href":"https:\/\/besafesuite.com\/fr\/wp-json\/wp\/v2\/comments?post=10540"}],"version-history":[{"count":2,"href":"https:\/\/besafesuite.com\/fr\/wp-json\/wp\/v2\/pages\/10540\/revisions"}],"predecessor-version":[{"id":10543,"href":"https:\/\/besafesuite.com\/fr\/wp-json\/wp\/v2\/pages\/10540\/revisions\/10543"}],"wp:attachment":[{"href":"https:\/\/besafesuite.com\/fr\/wp-json\/wp\/v2\/media?parent=10540"}],"curies":[{"name":"wp","href":"https:\/\/api.w.org\/{rel}","templated":true}]}}